{"id":28597,"date":"2018-05-28T13:48:49","date_gmt":"2018-05-28T11:48:49","guid":{"rendered":"https:\/\/www.fila.it\/es\/product\/giotto-be-be-my-be-be-colour-pack\/"},"modified":"2018-06-02T16:45:42","modified_gmt":"2018-06-02T14:45:42","slug":"giotto-be-be-my-be-be-colour-pack","status":"publish","type":"product","link":"https:\/\/www.fila.it\/es\/en\/product\/giotto-be-be-my-be-be-colour-pack\/","title":{"rendered":"Giotto be-b\u00e8 My be-b\u00e8 Colour Pack"},"content":{"rendered":"<p>Giotto be-b\u00e8 presents a new backpack featuring a cuddly little sheep and designed for all young artists aged 2 and up. Unique and original, it is accurate in every detail: with no removable parts, charming embroidery, reinforced edges, padded shoulder straps and quality fabrics machine washable at 40\u00b0. Inside, there&#8217;s a whole world of colours and a colouring book.<\/p>\n","protected":false},"excerpt":{"rendered":"<p>Large backpacks for little artists!<\/p>\n","protected":false},"featured_media":25435,"comment_status":"closed","ping_status":"open","template":"","meta":[],"product_cat":[5253],"product_tag":[5456,5404,5408],"acf":[],"_links":{"self":[{"href":"https:\/\/www.fila.it\/es\/en\/wp-json\/wp\/v2\/product\/28597"}],"collection":[{"href":"https:\/\/www.fila.it\/es\/en\/wp-json\/wp\/v2\/product"}],"about":[{"href":"https:\/\/www.fila.it\/es\/en\/wp-json\/wp\/v2\/types\/product"}],"replies":[{"embeddable":true,"href":"https:\/\/www.fila.it\/es\/en\/wp-json\/wp\/v2\/comments?post=28597"}],"wp:featuredmedia":[{"embeddable":true,"href":"https:\/\/www.fila.it\/es\/en\/wp-json\/wp\/v2\/media\/25435"}],"wp:attachment":[{"href":"https:\/\/www.fila.it\/es\/en\/wp-json\/wp\/v2\/media?parent=28597"}],"wp:term":[{"taxonomy":"product_cat","embeddable":true,"href":"https:\/\/www.fila.it\/es\/en\/wp-json\/wp\/v2\/product_cat?post=28597"},{"taxonomy":"product_tag","embeddable":true,"href":"https:\/\/www.fila.it\/es\/en\/wp-json\/wp\/v2\/product_tag?post=28597"}],"curies":[{"name":"wp","href":"https:\/\/api.w.org\/{rel}","templated":true}]}}