{"id":34376,"date":"2021-11-18T18:47:32","date_gmt":"2021-11-18T17:47:32","guid":{"rendered":"https:\/\/www.fila.it\/es\/?page_id=34376"},"modified":"2021-11-19T13:51:29","modified_gmt":"2021-11-19T12:51:29","slug":"bases-legales-sorteo-green-car-giotto-2021","status":"publish","type":"page","link":"https:\/\/www.fila.it\/es\/es\/bases-legales-sorteo-green-car-giotto-2021\/","title":{"rendered":"Bases Legales &#8211; SORTEO GREEN CAR GIOTTO BE-B\u00c8 2021"},"content":{"rendered":"<ol>\n<li><strong> Objetivo de la promoci\u00f3n<\/strong><\/li>\n<\/ol>\n<p>FILA IBERIA, SL (en adelante EMPRESA) con domicilio social en AV DELS RABASSAIRES 28, 3 B, MOLLET DEL VALLES (08100) \u2013 con CIF B66875329, organiza un SORTEO denominado \u201cSORTEO GREEN CAR GIOTTO BE-B\u00c8 2021\u201d (en adelante \u201cSORTEO\u201d) con la finalidad de fidelizar a su comunidad de fans. La promoci\u00f3n tendr\u00e1 vigencia en todo el territorio nacional (Espa\u00f1a) desde el 25 de noviembre 2021 a las 13:00 horas hasta el 28 de noviembre 2021 a las 23.59 horas.<\/p>\n<p>&nbsp;<\/p>\n<ol start=\"2\">\n<li><strong> Desvinculaci\u00f3n de Instagram<\/strong><\/li>\n<\/ol>\n<p>Instagram no patrocina, avala ni administra de modo alguno esta promoci\u00f3n, ni est\u00e1 asociado a ella. El usuario se desvincula totalmente de Instagram y es consciente de que est\u00e1 proporcionando su informaci\u00f3n a la EMPRESA y no a Instagram. La informaci\u00f3n que proporcione s\u00f3lo se utilizar\u00e1 para tramitar la participaci\u00f3n del concursante y para comunicarle el premio en caso de que resultara ganador. La promoci\u00f3n se desarrollar\u00e1 en todo el territorio nacional (Espa\u00f1a). La promoci\u00f3n tendr\u00e1 vigencia en todo el territorio nacional (Espa\u00f1a) desde el 25 de noviembre 2021 a las 13:00 horas hasta el 28 de noviembre 2021 a las 23.59 horas.<\/p>\n<p>&nbsp;<\/p>\n<ol start=\"3\">\n<li><strong> Requisitos para participar<\/strong><\/li>\n<\/ol>\n<p>Podr\u00e1n participar en el SORTEO todas las personas f\u00edsicas con residencia legal en Espa\u00f1a que sean seguidores de la p\u00e1gina oficial de Instagram de la EMPRESA y que cuenten con un perfil de usuario real en Instagram. Los menores de 18 a\u00f1os podr\u00e1n participar con autorizaci\u00f3n de su padre\/madre o tutor legal. Si resulta ganadora alguna de las personas excluidas de participaci\u00f3n, perder\u00e1 su derecho a obtener el premio y se proceder\u00e1 a entregar el mismo a la siguiente persona que re\u00fana las condiciones de participaci\u00f3n v\u00e1lidas de entre los suplentes designados.<\/p>\n<p>&nbsp;<\/p>\n<p>Para poder optar a una de las dos cajas de l\u00e1pices de colores y rotuladores Giotto que sorteamos, nuestro usuario deber\u00e1 llevar a cabo los siguientes pasos:<\/p>\n<ol>\n<li>Seguir o hacerse seguidor de nuestra p\u00e1gina de Instagram <a href=\"http:\/\/www.instagram.com\/giotto_spain\">www.instagram.com\/giotto_spain<\/a><\/li>\n<li>Comentar en la publicaci\u00f3n del sorteo que es lo que m\u00e1s le gusta de Giotto be-b\u00e8 y etiquetar a un amigo\/a.<\/li>\n<\/ol>\n<p>Solo ser\u00e1 v\u00e1lida una participaci\u00f3n por usuario.<\/p>\n<p>Entre todos los participantes que cumplan con los requisitos establecidos, el d\u00eda 29 de noviembre\u00a0 de 2021 se realizar\u00e1 el SORTEO de un set \u201cGiotto be-b\u00e8 Green Car\u201d de FILA, y ser\u00e1 comunicado el mismo d\u00eda 29 de noviembre de 2021. El ganador ser\u00e1 elegido de forma aleatoria a trav\u00e9s de la plataforma Random.org. La aplicaci\u00f3n Random.org funciona a trav\u00e9s de un algoritmo que permite gestionar y resolver cualquier conflicto que pueda tener lugar durante la realizaci\u00f3n del sorteo.<\/p>\n<ol start=\"4\">\n<li><strong> Premio<\/strong><\/li>\n<\/ol>\n<p>Habr\u00e1 1 ganador\/a escogido de forma aleatoria, que conseguir\u00e1 el siguiente premio:<\/p>\n<p>&nbsp;<\/p>\n<ul>\n<li>1 set Green Car de Giotto be-b\u00e8.<\/li>\n<\/ul>\n<p>&nbsp;<\/p>\n<p>El premio ser\u00e1 entregado dentro de un plazo m\u00e1ximo de 1 mes a la direcci\u00f3n que nos haya facilitado el ganador. Cada usuario podr\u00e1 participar una \u00fanica vez por promoci\u00f3n.<\/p>\n<p>&nbsp;<\/p>\n<p>&nbsp;<\/p>\n<ol start=\"5\">\n<li><strong> Comunicaci\u00f3n a los ganadores<\/strong><\/li>\n<\/ol>\n<p>A partir del d\u00eda 29 de noviembre de 2021 se proceder\u00e1 a la publicaci\u00f3n del ganador en la p\u00e1gina oficial de Instagram de la EMPRESA (<a href=\"http:\/\/www.instagram.com\/giotto_spain\">www.instagram.com\/giotto_spain<\/a>), a trav\u00e9s de la aplicaci\u00f3n de <em>stories<\/em> y comentando la publicaci\u00f3n del sorteo, cumpliendo estrictamente con la normativa de Instagram. Seguidamente, el ganador deber\u00e1 facilitar sus datos de nuevo y as\u00ed verificar los datos de env\u00edo del premio. Si no logramos contactar con el ganador en un plazo de 72 horas desde el primer intento de contacto, o \u00e9ste renunciara al premio, procederemos a seleccionar un nuevo ganador, perdiendo el anterior ganador su derecho a reclamar el premio. El ganador recibir\u00e1 el premio a la direcci\u00f3n que nos habr\u00e1 comunicado. La EMPRESA queda eximida de cualquier responsabilidad en el supuesto de existir alg\u00fan error en los datos facilitados por los propios agraciados que impidiera su identificaci\u00f3n. Igualmente no se responsabiliza de las posibles p\u00e9rdidas, deterioros, robos o cualquier otra circunstancia imputable a correos que puedan afectar al env\u00edo de los premios. La EMPRESA se reserva el derecho a efectuar cambios que redunden en el buen fin de la Promoci\u00f3n cuando concurra causa justa o motivos de fuerza mayor que impidan llevarla a t\u00e9rmino en la forma en que recogen las presentes bases.<\/p>\n<p>A los efectos previstos en el Reglamento UE 2016\/679, se establece que la aceptaci\u00f3n del premio por los ganadores implica el otorgamiento expreso de la autorizaci\u00f3n a la EMPRESA para utilizar su nombre y apellidos, en cualquier actividad p\u00fablica o de difusi\u00f3n relacionada con la presente promoci\u00f3n, sin que por ello tenga derecho a remuneraci\u00f3n u obtenci\u00f3n de beneficio alguno diferente de la entrega del premio. La negativa implicar\u00e1 la renuncia autom\u00e1tica del premio. Los datos suministrados por los participantes ser\u00e1n tratados confidencialmente y recopilados en un fichero automatizado de datos de car\u00e1cter personal, siendo EMPRESA titular y responsable de dicho fichero, con domicilio en AV DELS RABASSAIRES 28, 3 B, MOLLET DEL VALLES (08100), cuya finalidad ser\u00e1 la gesti\u00f3n del presente sorteo y, en caso que haya dado su previa autorizaci\u00f3n, la activaci\u00f3n a nuestro servicio de newsletter para que pueda recibir en primicia informaci\u00f3n sobre nuestros productos y La EMPRESA garantiza el cumplimiento \u00edntegro del Reglamento UE 2016\/679 en el tratamiento de los datos personales recogidos en la presente promoci\u00f3n, en especial por lo que se refiere a la atenci\u00f3n del ejercicio de los derechos de informaci\u00f3n, acceso, rectificaci\u00f3n, oposici\u00f3n y cancelaci\u00f3n de datos personales de los concursantes. Los interesados podr\u00e1n ejercer los derechos de acceso, rectificaci\u00f3n, oposici\u00f3n y cancelaci\u00f3n, enviando solicitud a la direcci\u00f3n de correo electr\u00f3nico a <a href=\"mailto:lopd@filaiberia.com\">lopd@filaiberia.com<\/a><\/p>\n","protected":false},"excerpt":{"rendered":"<p>Objetivo de la promoci\u00f3n FILA IBERIA, SL (en adelante EMPRESA) con domicilio social en AV DELS RABASSAIRES 28, 3 B, MOLLET DEL VALLES (08100) \u2013 con CIF B66875329, organiza un SORTEO denominado \u201cSORTEO GREEN CAR GIOTTO BE-B\u00c8 2021\u201d (en adelante &hellip; <a href=\"https:\/\/www.fila.it\/es\/es\/bases-legales-sorteo-green-car-giotto-2021\/\">Continuado<\/a><\/p>\n","protected":false},"author":14,"featured_media":0,"parent":0,"menu_order":222,"comment_status":"closed","ping_status":"closed","template":"","meta":[],"acf":[],"_links":{"self":[{"href":"https:\/\/www.fila.it\/es\/es\/wp-json\/wp\/v2\/pages\/34376"}],"collection":[{"href":"https:\/\/www.fila.it\/es\/es\/wp-json\/wp\/v2\/pages"}],"about":[{"href":"https:\/\/www.fila.it\/es\/es\/wp-json\/wp\/v2\/types\/page"}],"author":[{"embeddable":true,"href":"https:\/\/www.fila.it\/es\/es\/wp-json\/wp\/v2\/users\/14"}],"replies":[{"embeddable":true,"href":"https:\/\/www.fila.it\/es\/es\/wp-json\/wp\/v2\/comments?post=34376"}],"version-history":[{"count":2,"href":"https:\/\/www.fila.it\/es\/es\/wp-json\/wp\/v2\/pages\/34376\/revisions"}],"predecessor-version":[{"id":34380,"href":"https:\/\/www.fila.it\/es\/es\/wp-json\/wp\/v2\/pages\/34376\/revisions\/34380"}],"wp:attachment":[{"href":"https:\/\/www.fila.it\/es\/es\/wp-json\/wp\/v2\/media?parent=34376"}],"curies":[{"name":"wp","href":"https:\/\/api.w.org\/{rel}","templated":true}]}}