{"id":37996,"date":"2024-04-22T16:18:59","date_gmt":"2024-04-22T14:18:59","guid":{"rendered":"https:\/\/www.fila.it\/es\/?page_id=37996"},"modified":"2024-04-22T16:18:59","modified_gmt":"2024-04-22T14:18:59","slug":"bases-legales-sorteo-dia-de-la-madre-2024-fb","status":"publish","type":"page","link":"https:\/\/www.fila.it\/es\/es\/bases-legales-sorteo-dia-de-la-madre-2024-fb\/","title":{"rendered":"Bases legales \u2013 Sorteo D\u00cdA DE LA MADRE 2024 FB"},"content":{"rendered":"<p><strong>Sorteo D\u00cdA DEL PADRE 2023 FB<\/strong><\/p>\n<ol>\n<li><strong>Objetivo del sorteo<\/strong><\/li>\n<\/ol>\n<p>FILA IBERIA, SL (en adelante EMPRESA) con domicilio social en AV DELS RABASSAIRES 28, 3 B, MOLLET DEL VALLES (08100) \u2013 con CIF B66875329, organiza un SORTEO denominado \u201cSorteo D\u00cdA DEL PADRE 2023 FB\u201d (en adelante \u201cSORTEO\u201d) con la finalidad de fidelizar a su comunidad de fans. El sorteo tendr\u00e1 vigencia en todo el territorio nacional (Espa\u00f1a) desde el 23 de ABRIL de 2024 a las 09:00 horas (CET) hasta el 28 de ABRIL de 2024 a las 23:59 horas (CET).<\/p>\n<p>&nbsp;<\/p>\n<ol start=\"2\">\n<li><strong> Desvinculaci\u00f3n de Facebook <\/strong><\/li>\n<\/ol>\n<p>Facebook, no patrocina, avala ni administra de modo alguno esta promoci\u00f3n, ni est\u00e1 asociado a ella. El usuario se desvincula totalmente de Facebook y es consciente de que est\u00e1 proporcionando su informaci\u00f3n a la EMPRESA y no a Facebook. La informaci\u00f3n que proporcione s\u00f3lo se utilizar\u00e1 para tramitar la participaci\u00f3n del concursante y para comunicarle el premio en caso de que resultara ganador. El sorteo se desarrollar\u00e1 en todo el territorio nacional (Espa\u00f1a). El sorteo tendr\u00e1 vigencia en todo el territorio nacional (Espa\u00f1a) desde el 23 de ABRIL de 2024 a las 09:00 horas (CET) hasta el 28 de ABRIL de 2024 a las 23:59 horas (CET).<\/p>\n<p>&nbsp;<\/p>\n<ol start=\"3\">\n<li><strong> Requisitos para participar <\/strong><\/li>\n<\/ol>\n<p>Podr\u00e1n participar en el SORTEO todas las personas f\u00edsicas con residencia legal en Espa\u00f1a que sean seguidores de la p\u00e1gina oficial de Facebook de la EMPRESA (<a href=\"https:\/\/www.facebook.com\/filaiberia.es\">https:\/\/www.facebook.com\/filaiberia.es<\/a>) y que cuenten con un perfil de usuario real en Facebook. Los menores de 18 a\u00f1os podr\u00e1n participar con autorizaci\u00f3n de su padre\/madre o tutor legal. Si resulta ganadora alguna de las personas excluidas de participaci\u00f3n, perder\u00e1 su derecho a obtener el premio y se proceder\u00e1 a entregar el mismo a la siguiente persona que re\u00fana las condiciones de participaci\u00f3n v\u00e1lidas de entre los suplentes designados.<\/p>\n<p>Para poder optar a el lote de productos de Giotto que sorteamos, el usuario deber\u00e1 llevar a cabo los siguientes pasos:<\/p>\n<ol>\n<li style=\"list-style-type: none;\">\n<ol>\n<li>Seguir o hacerse seguidor de la p\u00e1gina: <a href=\"https:\/\/www.facebook.com\/filaiberia.es\">https:\/\/www.facebook.com\/filaiberia.es<\/a><\/li>\n<li>Dar \u201cme gusta\u201d y comentar mencionando a dos amigos en la publicaci\u00f3n del sorteo<\/li>\n<\/ol>\n<\/li>\n<\/ol>\n<p>Se puede comentar tantas veces como el usuario desee, siempre y cuando etiquete a amigos\/as distintos y reales.<\/p>\n<p>Entre todos los participantes que cumplan con los requisitos establecidos, el d\u00eda 29 de ABRIL de 2024 se realizar\u00e1 el SORTEO de un lote de productos Giotto y ser\u00e1 comunicado el mismo d\u00eda 29 de ABRIL de 2024. El ganador ser\u00e1 elegido de forma aleatoria a trav\u00e9s de la herramienta random.org.<\/p>\n<p>&nbsp;<\/p>\n<ol start=\"4\">\n<li><strong> Premio\u202f<\/strong><\/li>\n<\/ol>\n<p>Habr\u00e1 1 ganador escogido de forma aleatoria de entre todos los comentarios. Y el premio ser\u00e1 el siguiente:<\/p>\n<p>Cantidad\tDESCRIPCION\tTOTAL<br \/>\n1\tGiotto Decor Materials Est. 6 Uds. \t 6,95 \u20ac<br \/>\n1\tGiotto Art Lab Manga\t 26,50 \u20ac<br \/>\n1\tGiotto Stilnovo Est. 50 Uds.\t 29,45 \u20ac<br \/>\n1\tGiotto Turbo Color Est. 24 Uds. \t 5,55 \u20ac<br \/>\n1\tGiotto Acuarelas 30 Mm. Est. 24 Uds. + Pincel \t 9,10 \u20ac<br \/>\n1\tGiotto Mega Fluo Est 6 Uds. \t 6,65 \u20ac<br \/>\n1\tGiotto Turbo Soft Brush Est. 10 Uds\t 7,15 \u20ac<br \/>\n1\tGiotto Turbo Soft Brush Pastel Est. 10 Uds\t 7,15 \u20ac<br \/>\n1\tGiotto Turbo Glitter Pastel Est.8 Uds \t 6,60 \u20ac<br \/>\n1\tGiotto Turbo Glitter Est. 8 Uds. \t 6,60 \u20ac<br \/>\n1\tGiotto Cera Est. 12 Uds. \t 3,35 \u20ac<br \/>\n2\tGiotto Happy Gomma. Display 40 Uds.\t 3,40 \u20ac<br \/>\n2\tGiotto Sacapuntas Fluo. Tarro 120 Uds.\t 0,58 \u20ac<br \/>\n\tTOTAL\t 119,03 \u20ac <\/p>\n<p>Este lote est\u00e1 valorado en 119,03\u20ac PVP (IVA incl.). El lote puede estar sujeto a variaciones dependiendo del stock de cada producto.<\/p>\n<p>&nbsp;<\/p>\n<p><strong>5.\u202fComunicaci\u00f3n a los ganadores<\/strong><\/p>\n<p>A partir del d\u00eda 29 de ABRIL de 2024 se proceder\u00e1 a la publicaci\u00f3n del ganador en la p\u00e1gina oficial de Facebook de la EMPRESA (<a href=\"https:\/\/www.facebook.com\/filaiberia.es\">https:\/\/www.facebook.com\/filaiberia.es<\/a>), comentando la publicaci\u00f3n del sorteo, cumpliendo estrictamente con la normativa de Facebook. Seguidamente, el ganador deber\u00e1 facilitar sus datos de nuevo y as\u00ed verificar los datos de env\u00edo del premio. Si no logramos contactar con el ganador en un plazo de 72 horas desde el primer intento de contacto, o \u00e9ste renunciara al premio, procederemos a seleccionar un nuevo ganador, perdiendo el anterior ganador su derecho a reclamar el premio. El premio ser\u00e1 entregado dentro de un plazo m\u00e1ximo de 1 mes a la direcci\u00f3n que nos haya facilitado el ganador. El ganador recibir\u00e1 el premio a la direcci\u00f3n que nos habr\u00e1 comunicado.<\/p>\n<p>La EMPRESA queda eximida de cualquier responsabilidad en el supuesto de existir alg\u00fan error en los datos facilitados por los propios agraciados que impidiera su identificaci\u00f3n. Igualmente, no se responsabiliza de las posibles p\u00e9rdidas, deterioros, robos o cualquier otra circunstancia imputable a correos que puedan afectar al env\u00edo de los premios. La EMPRESA se reserva el derecho a efectuar cambios que redunden en el buen fin de la Promoci\u00f3n cuando concurra causa justa o motivos de fuerza mayor que impidan llevarla a t\u00e9rmino en la forma en que recogen las presentes bases. A los efectos previstos en el Reglamento UE 2016\/679, se establece que la aceptaci\u00f3n del premio por los ganadores implica el otorgamiento expreso de la autorizaci\u00f3n a la EMPRESA para utilizar su nombre y apellidos, en cualquier actividad p\u00fablica o de difusi\u00f3n relacionada con la presente promoci\u00f3n, sin que por ello tenga derecho a remuneraci\u00f3n u obtenci\u00f3n de beneficio alguno diferente de la entrega del premio. La negativa implicar\u00e1 la renuncia autom\u00e1tica del premio. Los datos suministrados por los participantes ser\u00e1n tratados confidencialmente y recopilados en un fichero automatizado de datos de car\u00e1cter personal, siendo EMPRESA titular y responsable de dicho fichero, con domicilio en AV DELS RABASSAIRES 28, 3 B, MOLLET DEL VALLES (08100), cuya finalidad ser\u00e1 la gesti\u00f3n del presente sorteo y, en caso que haya dado su previa autorizaci\u00f3n, la activaci\u00f3n a nuestro servicio de newsletter para que pueda recibir en primicia informaci\u00f3n sobre nuestros productos y La EMPRESA garantiza el cumplimiento \u00edntegro del Reglamento UE 2016\/679 en el tratamiento de los datos personales recogidos en la presente promoci\u00f3n, en especial por lo que se refiere a la atenci\u00f3n del ejercicio de los derechos de informaci\u00f3n, acceso, rectificaci\u00f3n, oposici\u00f3n y cancelaci\u00f3n de datos personales de los concursantes. Los interesados podr\u00e1n ejercer los derechos de acceso, rectificaci\u00f3n, oposici\u00f3n y cancelaci\u00f3n, enviando solicitud a la direcci\u00f3n de correo electr\u00f3nico a lopd@filaiberia.com.<\/p>\n<p>La EMPRESA se reserva el derecho de resolver seg\u00fan su interpretaci\u00f3n aquellos aspectos no contemplados en estas bases.<\/p>\n<p>&nbsp;<\/p>\n<p>&nbsp;<\/p>\n","protected":false},"excerpt":{"rendered":"<p>Sorteo D\u00cdA DEL PADRE 2023 FB Objetivo del sorteo FILA IBERIA, SL (en adelante EMPRESA) con domicilio social en AV DELS RABASSAIRES 28, 3 B, MOLLET DEL VALLES (08100) \u2013 con CIF B66875329, organiza un SORTEO denominado \u201cSorteo D\u00cdA DEL &hellip; <a href=\"https:\/\/www.fila.it\/es\/es\/bases-legales-sorteo-dia-de-la-madre-2024-fb\/\">Continuado<\/a><\/p>\n","protected":false},"author":14,"featured_media":0,"parent":0,"menu_order":48,"comment_status":"closed","ping_status":"closed","template":"","meta":[],"acf":[],"_links":{"self":[{"href":"https:\/\/www.fila.it\/es\/es\/wp-json\/wp\/v2\/pages\/37996"}],"collection":[{"href":"https:\/\/www.fila.it\/es\/es\/wp-json\/wp\/v2\/pages"}],"about":[{"href":"https:\/\/www.fila.it\/es\/es\/wp-json\/wp\/v2\/types\/page"}],"author":[{"embeddable":true,"href":"https:\/\/www.fila.it\/es\/es\/wp-json\/wp\/v2\/users\/14"}],"replies":[{"embeddable":true,"href":"https:\/\/www.fila.it\/es\/es\/wp-json\/wp\/v2\/comments?post=37996"}],"version-history":[{"count":1,"href":"https:\/\/www.fila.it\/es\/es\/wp-json\/wp\/v2\/pages\/37996\/revisions"}],"predecessor-version":[{"id":37999,"href":"https:\/\/www.fila.it\/es\/es\/wp-json\/wp\/v2\/pages\/37996\/revisions\/37999"}],"wp:attachment":[{"href":"https:\/\/www.fila.it\/es\/es\/wp-json\/wp\/v2\/media?parent=37996"}],"curies":[{"name":"wp","href":"https:\/\/api.w.org\/{rel}","templated":true}]}}