{"id":28020,"date":"2018-05-28T12:27:06","date_gmt":"2018-05-28T10:27:06","guid":{"rendered":"https:\/\/www.fila.it\/es\/product\/giotto-vinilik\/"},"modified":"2019-11-15T14:13:35","modified_gmt":"2019-11-15T13:13:35","slug":"giotto-vinilik","status":"publish","type":"product","link":"https:\/\/www.fila.it\/es\/es\/product\/giotto-vinilik\/","title":{"rendered":"Giotto Vinilik"},"content":{"rendered":"<p>Cola vin\u00edlica blanca rica en agentes adhesivos, ideal para todo tipo de trabajos con alto poder adhesivo. Sirve para pegar papel, cart\u00f3n, cartulina, madera y cer\u00e1mica, fieltro y otros peque\u00f1os soportes. Seca r\u00e1pidamente. Se aconseja limpiar las manchas antes que la cola se seque por completo (utilizar agua fr\u00eda para eliminar la cola de los tejidos). F\u00f3rmula de base agua y libre de disolventes.<\/p>\n","protected":false},"excerpt":{"rendered":"<p>Giotto Vinilik: \u00a1no hay nada que no puedas pegar!<\/p>\n","protected":false},"featured_media":25546,"comment_status":"closed","ping_status":"open","template":"","meta":[],"product_cat":[5076],"product_tag":[5078,5062,5077],"acf":[],"_links":{"self":[{"href":"https:\/\/www.fila.it\/es\/es\/wp-json\/wp\/v2\/product\/28020"}],"collection":[{"href":"https:\/\/www.fila.it\/es\/es\/wp-json\/wp\/v2\/product"}],"about":[{"href":"https:\/\/www.fila.it\/es\/es\/wp-json\/wp\/v2\/types\/product"}],"replies":[{"embeddable":true,"href":"https:\/\/www.fila.it\/es\/es\/wp-json\/wp\/v2\/comments?post=28020"}],"wp:featuredmedia":[{"embeddable":true,"href":"https:\/\/www.fila.it\/es\/es\/wp-json\/wp\/v2\/media\/25546"}],"wp:attachment":[{"href":"https:\/\/www.fila.it\/es\/es\/wp-json\/wp\/v2\/media?parent=28020"}],"wp:term":[{"taxonomy":"product_cat","embeddable":true,"href":"https:\/\/www.fila.it\/es\/es\/wp-json\/wp\/v2\/product_cat?post=28020"},{"taxonomy":"product_tag","embeddable":true,"href":"https:\/\/www.fila.it\/es\/es\/wp-json\/wp\/v2\/product_tag?post=28020"}],"curies":[{"name":"wp","href":"https:\/\/api.w.org\/{rel}","templated":true}]}}