{"id":28024,"date":"2018-05-28T12:27:06","date_gmt":"2018-05-28T10:27:06","guid":{"rendered":"https:\/\/www.fila.it\/es\/product\/giotto-turbo-maxi\/"},"modified":"2018-05-28T12:27:06","modified_gmt":"2018-05-28T10:27:06","slug":"giotto-turbo-maxi","status":"publish","type":"product","link":"https:\/\/www.fila.it\/es\/es\/product\/giotto-turbo-maxi\/","title":{"rendered":"Giotto Turbo Maxi"},"content":{"rendered":"<p>M\u00e1s ergon\u00f3mico gracias a su forma extra grande. Giotto Turbo Maxi tiene una punta s\u00faper resistente y bloqueada de 5 mm. Se trata de un rotulador muy completo gracias a su tap\u00f3n de seguridad ventilado, las tintas seguras base agua de muy larga duraci\u00f3n y su f\u00e1cil lavado de piel y tejidos.<\/p>\n","protected":false},"excerpt":{"rendered":"<p>\u00a1Aumenta tu imaginaci\u00f3n con Giotto Turbo Maxi!<\/p>\n","protected":false},"featured_media":25540,"comment_status":"closed","ping_status":"open","template":"","meta":[],"product_cat":[5080],"product_tag":[5081,5084,5082],"acf":[],"_links":{"self":[{"href":"https:\/\/www.fila.it\/es\/es\/wp-json\/wp\/v2\/product\/28024"}],"collection":[{"href":"https:\/\/www.fila.it\/es\/es\/wp-json\/wp\/v2\/product"}],"about":[{"href":"https:\/\/www.fila.it\/es\/es\/wp-json\/wp\/v2\/types\/product"}],"replies":[{"embeddable":true,"href":"https:\/\/www.fila.it\/es\/es\/wp-json\/wp\/v2\/comments?post=28024"}],"wp:featuredmedia":[{"embeddable":true,"href":"https:\/\/www.fila.it\/es\/es\/wp-json\/wp\/v2\/media\/25540"}],"wp:attachment":[{"href":"https:\/\/www.fila.it\/es\/es\/wp-json\/wp\/v2\/media?parent=28024"}],"wp:term":[{"taxonomy":"product_cat","embeddable":true,"href":"https:\/\/www.fila.it\/es\/es\/wp-json\/wp\/v2\/product_cat?post=28024"},{"taxonomy":"product_tag","embeddable":true,"href":"https:\/\/www.fila.it\/es\/es\/wp-json\/wp\/v2\/product_tag?post=28024"}],"curies":[{"name":"wp","href":"https:\/\/api.w.org\/{rel}","templated":true}]}}