{"id":28039,"date":"2018-05-28T12:27:25","date_gmt":"2018-05-28T10:27:25","guid":{"rendered":"https:\/\/www.fila.it\/es\/product\/giotto-extra-quality-tempera-metal\/"},"modified":"2018-05-28T12:27:25","modified_gmt":"2018-05-28T10:27:25","slug":"giotto-extra-quality-tempera-metal","status":"publish","type":"product","link":"https:\/\/www.fila.it\/es\/es\/product\/giotto-extra-quality-tempera-metal\/","title":{"rendered":"Giotto Extra Quality T\u00e9mpera Metal"},"content":{"rendered":"<p>Lista para usar y f\u00e1cil de aplicar. Deja un acabado liso y cubriente. Ideales para pintar tanto en casa como en la escuela. Esta t\u00e9mpera lista para su utilizaci\u00f3n es base de agua y de pigmentos completamente seguros.  Las botellas son ergon\u00f3micas y  tienen un tap\u00f3n anti goteo. Se puede mezclar con otras t\u00e9mperas para crear nuevos efectos met\u00e1licos. La t\u00e9mpera es lavable de manos. En caso que se manche la tela se debe limpiar con jab\u00f3n seco o, en caso que el producto todav\u00eda est\u00e9 fresco, a m\u00e1quina en ciclo normal de 40 grados.<\/p>\n","protected":false},"excerpt":{"rendered":"<p>Pintando con un efecto met\u00e1lico gracias a las T\u00e9mperas Metal de Giotto.<\/p>\n","protected":false},"featured_media":25564,"comment_status":"closed","ping_status":"open","template":"","meta":[],"product_cat":[5080],"product_tag":[5092,5081,5091],"acf":[],"_links":{"self":[{"href":"https:\/\/www.fila.it\/es\/es\/wp-json\/wp\/v2\/product\/28039"}],"collection":[{"href":"https:\/\/www.fila.it\/es\/es\/wp-json\/wp\/v2\/product"}],"about":[{"href":"https:\/\/www.fila.it\/es\/es\/wp-json\/wp\/v2\/types\/product"}],"replies":[{"embeddable":true,"href":"https:\/\/www.fila.it\/es\/es\/wp-json\/wp\/v2\/comments?post=28039"}],"wp:featuredmedia":[{"embeddable":true,"href":"https:\/\/www.fila.it\/es\/es\/wp-json\/wp\/v2\/media\/25564"}],"wp:attachment":[{"href":"https:\/\/www.fila.it\/es\/es\/wp-json\/wp\/v2\/media?parent=28039"}],"wp:term":[{"taxonomy":"product_cat","embeddable":true,"href":"https:\/\/www.fila.it\/es\/es\/wp-json\/wp\/v2\/product_cat?post=28039"},{"taxonomy":"product_tag","embeddable":true,"href":"https:\/\/www.fila.it\/es\/es\/wp-json\/wp\/v2\/product_tag?post=28039"}],"curies":[{"name":"wp","href":"https:\/\/api.w.org\/{rel}","templated":true}]}}