{"id":28064,"date":"2018-05-28T12:27:25","date_gmt":"2018-05-28T10:27:25","guid":{"rendered":"https:\/\/www.fila.it\/es\/product\/giotto-stilnovo-acquarell-school-pack\/"},"modified":"2018-05-28T12:27:25","modified_gmt":"2018-05-28T10:27:25","slug":"giotto-stilnovo-acquarell-school-pack","status":"publish","type":"product","link":"https:\/\/www.fila.it\/es\/es\/product\/giotto-stilnovo-acquarell-school-pack\/","title":{"rendered":"Giotto Stilnovo Acquarell &#8211; School pack"},"content":{"rendered":"<p>48 l\u00e1pices de 12 colores surtidos con una minia s\u00faper resistente de 3,3 mm. de di\u00e1metro. La mina de estos l\u00e1pices de colores es acuarelable, por ello, cuando hayas terminado tu dibujo, puedes pasar un pincel humedecido en agua por las zonas pintadas que quieras acuarelar: \u00a1conseguir\u00e1s un resultado efecto acuarela espectacular!<\/p>\n","protected":false},"excerpt":{"rendered":"<p>Colorear con los l\u00e1pices de colores Giotto Stilnovo Acquarell es fant\u00e1stico, \u00a1incluso en la escuela!<\/p>\n","protected":false},"featured_media":25515,"comment_status":"closed","ping_status":"open","template":"","meta":[],"product_cat":[5080],"product_tag":[5081,5101,5072],"acf":[],"_links":{"self":[{"href":"https:\/\/www.fila.it\/es\/es\/wp-json\/wp\/v2\/product\/28064"}],"collection":[{"href":"https:\/\/www.fila.it\/es\/es\/wp-json\/wp\/v2\/product"}],"about":[{"href":"https:\/\/www.fila.it\/es\/es\/wp-json\/wp\/v2\/types\/product"}],"replies":[{"embeddable":true,"href":"https:\/\/www.fila.it\/es\/es\/wp-json\/wp\/v2\/comments?post=28064"}],"wp:featuredmedia":[{"embeddable":true,"href":"https:\/\/www.fila.it\/es\/es\/wp-json\/wp\/v2\/media\/25515"}],"wp:attachment":[{"href":"https:\/\/www.fila.it\/es\/es\/wp-json\/wp\/v2\/media?parent=28064"}],"wp:term":[{"taxonomy":"product_cat","embeddable":true,"href":"https:\/\/www.fila.it\/es\/es\/wp-json\/wp\/v2\/product_cat?post=28064"},{"taxonomy":"product_tag","embeddable":true,"href":"https:\/\/www.fila.it\/es\/es\/wp-json\/wp\/v2\/product_tag?post=28064"}],"curies":[{"name":"wp","href":"https:\/\/api.w.org\/{rel}","templated":true}]}}