{"id":28274,"date":"2018-05-28T12:29:14","date_gmt":"2018-05-28T10:29:14","guid":{"rendered":"https:\/\/www.fila.it\/es\/product\/lyra-easy-learner\/"},"modified":"2018-09-20T12:56:06","modified_gmt":"2018-09-20T10:56:06","slug":"lyra-easy-learner","status":"publish","type":"product","link":"https:\/\/www.fila.it\/es\/es\/product\/lyra-easy-learner\/","title":{"rendered":"Lyra Easy Learner"},"content":{"rendered":"<p>Este l\u00e1piz tiene una mina extra grande de 4 mm. con graduaci\u00f3n B. Su forma triangular permite que sea m\u00e1s ergon\u00f3mico e ideal para que los ni\u00f1os lo utilicen.<\/p>\n","protected":false},"excerpt":{"rendered":"<p>Los primeros pasos creativos con Lyra Easy Learner.<\/p>\n","protected":false},"featured_media":25740,"comment_status":"closed","ping_status":"closed","template":"","meta":[],"product_cat":[5216],"product_tag":[5116,5138,5062],"acf":[],"_links":{"self":[{"href":"https:\/\/www.fila.it\/es\/es\/wp-json\/wp\/v2\/product\/28274"}],"collection":[{"href":"https:\/\/www.fila.it\/es\/es\/wp-json\/wp\/v2\/product"}],"about":[{"href":"https:\/\/www.fila.it\/es\/es\/wp-json\/wp\/v2\/types\/product"}],"replies":[{"embeddable":true,"href":"https:\/\/www.fila.it\/es\/es\/wp-json\/wp\/v2\/comments?post=28274"}],"wp:featuredmedia":[{"embeddable":true,"href":"https:\/\/www.fila.it\/es\/es\/wp-json\/wp\/v2\/media\/25740"}],"wp:attachment":[{"href":"https:\/\/www.fila.it\/es\/es\/wp-json\/wp\/v2\/media?parent=28274"}],"wp:term":[{"taxonomy":"product_cat","embeddable":true,"href":"https:\/\/www.fila.it\/es\/es\/wp-json\/wp\/v2\/product_cat?post=28274"},{"taxonomy":"product_tag","embeddable":true,"href":"https:\/\/www.fila.it\/es\/es\/wp-json\/wp\/v2\/product_tag?post=28274"}],"curies":[{"name":"wp","href":"https:\/\/api.w.org\/{rel}","templated":true}]}}