{"id":28346,"date":"2018-05-28T12:29:52","date_gmt":"2018-05-28T10:29:52","guid":{"rendered":"https:\/\/www.fila.it\/es\/product\/lyra-rembrandt-carbon\/"},"modified":"2019-11-28T14:25:03","modified_gmt":"2019-11-28T13:25:03","slug":"lyra-rembrandt-carbon","status":"publish","type":"product","link":"https:\/\/www.fila.it\/es\/es\/product\/lyra-rembrandt-carbon\/","title":{"rendered":"Lyra Rembrandt Carbon"},"content":{"rendered":"<p>L\u00e1pices de carboncillo Lyra Rembrandt: ideales para la realizaci\u00f3n de bocetos antes de extender color.<\/p>\n","protected":false},"excerpt":{"rendered":"<p>L\u00e1pices de carb\u00f3n Lyra Rembrandt: el l\u00e1piz de carb\u00f3n para artistas.<\/p>\n","protected":false},"featured_media":25609,"comment_status":"closed","ping_status":"open","template":"","meta":[],"product_cat":[5187],"product_tag":[5188,5196,5211],"acf":[],"_links":{"self":[{"href":"https:\/\/www.fila.it\/es\/es\/wp-json\/wp\/v2\/product\/28346"}],"collection":[{"href":"https:\/\/www.fila.it\/es\/es\/wp-json\/wp\/v2\/product"}],"about":[{"href":"https:\/\/www.fila.it\/es\/es\/wp-json\/wp\/v2\/types\/product"}],"replies":[{"embeddable":true,"href":"https:\/\/www.fila.it\/es\/es\/wp-json\/wp\/v2\/comments?post=28346"}],"wp:featuredmedia":[{"embeddable":true,"href":"https:\/\/www.fila.it\/es\/es\/wp-json\/wp\/v2\/media\/25609"}],"wp:attachment":[{"href":"https:\/\/www.fila.it\/es\/es\/wp-json\/wp\/v2\/media?parent=28346"}],"wp:term":[{"taxonomy":"product_cat","embeddable":true,"href":"https:\/\/www.fila.it\/es\/es\/wp-json\/wp\/v2\/product_cat?post=28346"},{"taxonomy":"product_tag","embeddable":true,"href":"https:\/\/www.fila.it\/es\/es\/wp-json\/wp\/v2\/product_tag?post=28346"}],"curies":[{"name":"wp","href":"https:\/\/api.w.org\/{rel}","templated":true}]}}