{"id":28358,"date":"2018-05-28T12:29:52","date_gmt":"2018-05-28T10:29:52","guid":{"rendered":"https:\/\/www.fila.it\/es\/product\/lyra-rembrandt-polycolor\/"},"modified":"2018-05-28T12:29:52","modified_gmt":"2018-05-28T10:29:52","slug":"lyra-rembrandt-polycolor","status":"publish","type":"product","link":"https:\/\/www.fila.it\/es\/es\/product\/lyra-rembrandt-polycolor\/","title":{"rendered":"Lyra Rembrandt Polycolor"},"content":{"rendered":"<p>Estos especiales l\u00e1pices de colores dan un rendimiento superior en todas las superficies, especialmente en texturas m\u00e1s \u00e1speras que son perfectas para retener los pigmentos. Son ideales para el uso art\u00edstico y vienen en 78 colores brillantes e intensos. Muy resistentes al agua y a la luz. Para los profesionales del color m\u00e1s visionarios. L\u00e1pices con forma redonda, hechos con la mejor madera de cedro certificada PEFC. Minas extra grandes, para conseguir un mejor rendimiento.<\/p>\n","protected":false},"excerpt":{"rendered":"<p>L\u00e1pices Lyra Rembrandt Polycolor, para aquellos que les gustan los resultados profesionales.<\/p>\n","protected":false},"featured_media":25613,"comment_status":"closed","ping_status":"open","template":"","meta":[],"product_cat":[5187],"product_tag":[5188,5191,5101],"acf":[],"_links":{"self":[{"href":"https:\/\/www.fila.it\/es\/es\/wp-json\/wp\/v2\/product\/28358"}],"collection":[{"href":"https:\/\/www.fila.it\/es\/es\/wp-json\/wp\/v2\/product"}],"about":[{"href":"https:\/\/www.fila.it\/es\/es\/wp-json\/wp\/v2\/types\/product"}],"replies":[{"embeddable":true,"href":"https:\/\/www.fila.it\/es\/es\/wp-json\/wp\/v2\/comments?post=28358"}],"wp:featuredmedia":[{"embeddable":true,"href":"https:\/\/www.fila.it\/es\/es\/wp-json\/wp\/v2\/media\/25613"}],"wp:attachment":[{"href":"https:\/\/www.fila.it\/es\/es\/wp-json\/wp\/v2\/media?parent=28358"}],"wp:term":[{"taxonomy":"product_cat","embeddable":true,"href":"https:\/\/www.fila.it\/es\/es\/wp-json\/wp\/v2\/product_cat?post=28358"},{"taxonomy":"product_tag","embeddable":true,"href":"https:\/\/www.fila.it\/es\/es\/wp-json\/wp\/v2\/product_tag?post=28358"}],"curies":[{"name":"wp","href":"https:\/\/api.w.org\/{rel}","templated":true}]}}