{"id":36603,"date":"2023-01-10T09:50:27","date_gmt":"2023-01-10T08:50:27","guid":{"rendered":"https:\/\/www.fila.it\/es\/?post_type=product&#038;p=36603"},"modified":"2023-01-10T09:50:27","modified_gmt":"2023-01-10T08:50:27","slug":"giotto-be-be-creative-set","status":"publish","type":"product","link":"https:\/\/www.fila.it\/es\/es\/product\/giotto-be-be-creative-set\/","title":{"rendered":"GIOTTO be-b\u00e8 Creative Set"},"content":{"rendered":"<p>Set muy completo para desarrollar la imaginaci\u00f3n de los m\u00e1s peque\u00f1os y que descubran jugando.<\/p>\n<p>&nbsp;<\/p>\n","protected":false},"excerpt":{"rendered":"<p>\u00a1IDEAL PARA QUE LOS PEQUES REALICEN Y EXPERIMENTEN CON MANUALIDADES!<\/p>\n","protected":false},"featured_media":36604,"comment_status":"closed","ping_status":"closed","template":"","meta":[],"product_cat":[6039],"product_tag":[],"acf":[],"_links":{"self":[{"href":"https:\/\/www.fila.it\/es\/es\/wp-json\/wp\/v2\/product\/36603"}],"collection":[{"href":"https:\/\/www.fila.it\/es\/es\/wp-json\/wp\/v2\/product"}],"about":[{"href":"https:\/\/www.fila.it\/es\/es\/wp-json\/wp\/v2\/types\/product"}],"replies":[{"embeddable":true,"href":"https:\/\/www.fila.it\/es\/es\/wp-json\/wp\/v2\/comments?post=36603"}],"wp:featuredmedia":[{"embeddable":true,"href":"https:\/\/www.fila.it\/es\/es\/wp-json\/wp\/v2\/media\/36604"}],"wp:attachment":[{"href":"https:\/\/www.fila.it\/es\/es\/wp-json\/wp\/v2\/media?parent=36603"}],"wp:term":[{"taxonomy":"product_cat","embeddable":true,"href":"https:\/\/www.fila.it\/es\/es\/wp-json\/wp\/v2\/product_cat?post=36603"},{"taxonomy":"product_tag","embeddable":true,"href":"https:\/\/www.fila.it\/es\/es\/wp-json\/wp\/v2\/product_tag?post=36603"}],"curies":[{"name":"wp","href":"https:\/\/api.w.org\/{rel}","templated":true}]}}