{"id":28119,"date":"2018-04-05T14:18:13","date_gmt":"2018-04-05T12:18:13","guid":{"rendered":"https:\/\/www.fila.it\/fr\/product\/giotto-turbo-color\/"},"modified":"2018-04-05T14:18:13","modified_gmt":"2018-04-05T12:18:13","slug":"giotto-turbo-color","status":"publish","type":"product","link":"https:\/\/www.fila.it\/fr\/fr\/produit\/giotto-turbo-color\/","title":{"rendered":"Giotto Turbo Color"},"content":{"rendered":"<p>Couleurs turbo-propuls\u00e9es. Lorsque vous avez besoin de colorier, les feutres Giotto Turbo Color ne vous laissent jamais tomber ! S\u00e9curis\u00e9e, l&#8217;encre est lavable, la pointe, \u00e0 longue dur\u00e9e de vie, est bloqu\u00e9e. Disponibles en 36 couleurs, les feutres Giotto Turbo Color sont 100% s\u00e9curis\u00e9s gr\u00e2ce \u00e0 leur capuchon ventil\u00e9.<\/p>\n","protected":false},"excerpt":{"rendered":"<p>La cr\u00e9ativit\u00e9 est propuls\u00e9e avec les feutres Giotto Turbo Color.<\/p>\n","protected":false},"featured_media":25533,"comment_status":"closed","ping_status":"open","template":"","meta":[],"product_cat":[5069],"product_tag":[5070,5100,5147],"acf":[],"yoast_head":"<!-- This site is optimized with the Yoast SEO plugin v18.9 - https:\/\/yoast.com\/wordpress\/plugins\/seo\/ -->\n<title>Giotto Turbo Color - Fila France<\/title>\n<meta name=\"robots\" content=\"index, follow, max-snippet:-1, max-image-preview:large, max-video-preview:-1\" \/>\n<link rel=\"canonical\" href=\"https:\/\/www.fila.it\/fr\/fr\/produit\/giotto-turbo-color\/\" \/>\n<meta property=\"og:locale\" content=\"fr_FR\" \/>\n<meta property=\"og:type\" content=\"article\" \/>\n<meta property=\"og:title\" content=\"Giotto Turbo Color - Fila France\" \/>\n<meta property=\"og:description\" content=\"La cr\u00e9ativit\u00e9 est propuls\u00e9e avec les feutres Giotto Turbo Color.\" \/>\n<meta property=\"og:url\" content=\"https:\/\/www.fila.it\/fr\/fr\/produit\/giotto-turbo-color\/\" \/>\n<meta property=\"og:site_name\" content=\"Fila France\" \/>\n<meta property=\"og:image\" content=\"https:\/\/www.fila.it\/fr\/..\/up\/sites\/7\/ID_341_HighRes.jpg\" \/>\n\t<meta property=\"og:image:width\" content=\"1200\" \/>\n\t<meta property=\"og:image:height\" content=\"1200\" \/>\n\t<meta property=\"og:image:type\" content=\"image\/jpeg\" \/>\n<meta name=\"twitter:card\" content=\"summary\" \/>\n<script type=\"application\/ld+json\" class=\"yoast-schema-graph\">{\"@context\":\"https:\/\/schema.org\",\"@graph\":[{\"@type\":\"WebSite\",\"@id\":\"https:\/\/www.fila.it\/fr\/en\/#website\",\"url\":\"https:\/\/www.fila.it\/fr\/en\/\",\"name\":\"Fila France\",\"description\":\"\",\"potentialAction\":[{\"@type\":\"SearchAction\",\"target\":{\"@type\":\"EntryPoint\",\"urlTemplate\":\"https:\/\/www.fila.it\/fr\/en\/?s={search_term_string}\"},\"query-input\":\"required name=search_term_string\"}],\"inLanguage\":\"fr-FR\"},{\"@type\":\"ImageObject\",\"inLanguage\":\"fr-FR\",\"@id\":\"https:\/\/www.fila.it\/fr\/fr\/produit\/giotto-turbo-color\/#primaryimage\",\"url\":\"https:\/\/www.fila.it\/fr\/..\/up\/sites\/7\/ID_341_HighRes.jpg\",\"contentUrl\":\"https:\/\/www.fila.it\/fr\/..\/up\/sites\/7\/ID_341_HighRes.jpg\",\"width\":1200,\"height\":1200},{\"@type\":\"WebPage\",\"@id\":\"https:\/\/www.fila.it\/fr\/fr\/produit\/giotto-turbo-color\/#webpage\",\"url\":\"https:\/\/www.fila.it\/fr\/fr\/produit\/giotto-turbo-color\/\",\"name\":\"Giotto Turbo Color - Fila France\",\"isPartOf\":{\"@id\":\"https:\/\/www.fila.it\/fr\/en\/#website\"},\"primaryImageOfPage\":{\"@id\":\"https:\/\/www.fila.it\/fr\/fr\/produit\/giotto-turbo-color\/#primaryimage\"},\"datePublished\":\"2018-04-05T12:18:13+00:00\",\"dateModified\":\"2018-04-05T12:18:13+00:00\",\"breadcrumb\":{\"@id\":\"https:\/\/www.fila.it\/fr\/fr\/produit\/giotto-turbo-color\/#breadcrumb\"},\"inLanguage\":\"fr-FR\",\"potentialAction\":[{\"@type\":\"ReadAction\",\"target\":[\"https:\/\/www.fila.it\/fr\/fr\/produit\/giotto-turbo-color\/\"]}]},{\"@type\":\"BreadcrumbList\",\"@id\":\"https:\/\/www.fila.it\/fr\/fr\/produit\/giotto-turbo-color\/#breadcrumb\",\"itemListElement\":[{\"@type\":\"ListItem\",\"position\":1,\"name\":\"Home\",\"item\":\"https:\/\/www.fila.it\/fr\/fr\/\"},{\"@type\":\"ListItem\",\"position\":2,\"name\":\"Shop\",\"item\":\"https:\/\/www.fila.it\/fr\/fr\/shop\/\"},{\"@type\":\"ListItem\",\"position\":3,\"name\":\"Giotto Turbo Color\"}]}]}<\/script>\n<!-- \/ Yoast SEO plugin. -->","yoast_head_json":{"title":"Giotto Turbo Color - Fila France","robots":{"index":"index","follow":"follow","max-snippet":"max-snippet:-1","max-image-preview":"max-image-preview:large","max-video-preview":"max-video-preview:-1"},"canonical":"https:\/\/www.fila.it\/fr\/fr\/produit\/giotto-turbo-color\/","og_locale":"fr_FR","og_type":"article","og_title":"Giotto Turbo Color - Fila France","og_description":"La cr\u00e9ativit\u00e9 est propuls\u00e9e avec les feutres Giotto Turbo Color.","og_url":"https:\/\/www.fila.it\/fr\/fr\/produit\/giotto-turbo-color\/","og_site_name":"Fila France","og_image":[{"width":1200,"height":1200,"url":"https:\/\/www.fila.it\/fr\/..\/up\/sites\/7\/ID_341_HighRes.jpg","type":"image\/jpeg"}],"twitter_card":"summary","schema":{"@context":"https:\/\/schema.org","@graph":[{"@type":"WebSite","@id":"https:\/\/www.fila.it\/fr\/en\/#website","url":"https:\/\/www.fila.it\/fr\/en\/","name":"Fila France","description":"","potentialAction":[{"@type":"SearchAction","target":{"@type":"EntryPoint","urlTemplate":"https:\/\/www.fila.it\/fr\/en\/?s={search_term_string}"},"query-input":"required name=search_term_string"}],"inLanguage":"fr-FR"},{"@type":"ImageObject","inLanguage":"fr-FR","@id":"https:\/\/www.fila.it\/fr\/fr\/produit\/giotto-turbo-color\/#primaryimage","url":"https:\/\/www.fila.it\/fr\/..\/up\/sites\/7\/ID_341_HighRes.jpg","contentUrl":"https:\/\/www.fila.it\/fr\/..\/up\/sites\/7\/ID_341_HighRes.jpg","width":1200,"height":1200},{"@type":"WebPage","@id":"https:\/\/www.fila.it\/fr\/fr\/produit\/giotto-turbo-color\/#webpage","url":"https:\/\/www.fila.it\/fr\/fr\/produit\/giotto-turbo-color\/","name":"Giotto Turbo Color - Fila France","isPartOf":{"@id":"https:\/\/www.fila.it\/fr\/en\/#website"},"primaryImageOfPage":{"@id":"https:\/\/www.fila.it\/fr\/fr\/produit\/giotto-turbo-color\/#primaryimage"},"datePublished":"2018-04-05T12:18:13+00:00","dateModified":"2018-04-05T12:18:13+00:00","breadcrumb":{"@id":"https:\/\/www.fila.it\/fr\/fr\/produit\/giotto-turbo-color\/#breadcrumb"},"inLanguage":"fr-FR","potentialAction":[{"@type":"ReadAction","target":["https:\/\/www.fila.it\/fr\/fr\/produit\/giotto-turbo-color\/"]}]},{"@type":"BreadcrumbList","@id":"https:\/\/www.fila.it\/fr\/fr\/produit\/giotto-turbo-color\/#breadcrumb","itemListElement":[{"@type":"ListItem","position":1,"name":"Home","item":"https:\/\/www.fila.it\/fr\/fr\/"},{"@type":"ListItem","position":2,"name":"Shop","item":"https:\/\/www.fila.it\/fr\/fr\/shop\/"},{"@type":"ListItem","position":3,"name":"Giotto Turbo Color"}]}]}},"_links":{"self":[{"href":"https:\/\/www.fila.it\/fr\/fr\/wp-json\/wp\/v2\/product\/28119"}],"collection":[{"href":"https:\/\/www.fila.it\/fr\/fr\/wp-json\/wp\/v2\/product"}],"about":[{"href":"https:\/\/www.fila.it\/fr\/fr\/wp-json\/wp\/v2\/types\/product"}],"replies":[{"embeddable":true,"href":"https:\/\/www.fila.it\/fr\/fr\/wp-json\/wp\/v2\/comments?post=28119"}],"wp:featuredmedia":[{"embeddable":true,"href":"https:\/\/www.fila.it\/fr\/fr\/wp-json\/wp\/v2\/media\/25533"}],"wp:attachment":[{"href":"https:\/\/www.fila.it\/fr\/fr\/wp-json\/wp\/v2\/media?parent=28119"}],"wp:term":[{"taxonomy":"product_cat","embeddable":true,"href":"https:\/\/www.fila.it\/fr\/fr\/wp-json\/wp\/v2\/product_cat?post=28119"},{"taxonomy":"product_tag","embeddable":true,"href":"https:\/\/www.fila.it\/fr\/fr\/wp-json\/wp\/v2\/product_tag?post=28119"}],"curies":[{"name":"wp","href":"https:\/\/api.w.org\/{rel}","templated":true}]}}