{"id":28123,"date":"2018-04-05T14:18:13","date_gmt":"2018-04-05T12:18:13","guid":{"rendered":"https:\/\/www.fila.it\/fr\/product\/giotto-turbo-dobble\/"},"modified":"2018-04-05T14:18:13","modified_gmt":"2018-04-05T12:18:13","slug":"giotto-turbo-dobble","status":"publish","type":"product","link":"https:\/\/www.fila.it\/fr\/fr\/produit\/giotto-turbo-dobble\/","title":{"rendered":"Giotto Turbo Dobble"},"content":{"rendered":"<p>Giotto Turbo Dobble a une pointe \u00e0 chaque extr\u00e9mit\u00e9, de sorte que vous pouvez dessiner en deux \u00e9paisseurs diff\u00e9rentes. Utilisez la grosse mine pour colorer de grandes surfaces et la pointe fine pour de petits d\u00e9tails. Enti\u00e8rement \u00e0 base d&#8217;eau, l&#8217;encre est s\u00fbre et sans danger. Le capuchon est ventil\u00e9 pour une s\u00e9curit\u00e9 maximale.<\/p>\n","protected":false},"excerpt":{"rendered":"<p>Deux feutres en un : Giotto Turbo Dobble.<\/p>\n","protected":false},"featured_media":25535,"comment_status":"closed","ping_status":"open","template":"","meta":[],"product_cat":[5069],"product_tag":[5070,5149,5100],"acf":[],"yoast_head":"<!-- This site is optimized with the Yoast SEO plugin v18.9 - https:\/\/yoast.com\/wordpress\/plugins\/seo\/ -->\n<title>Giotto Turbo Dobble - Fila France<\/title>\n<meta name=\"robots\" content=\"index, follow, max-snippet:-1, max-image-preview:large, max-video-preview:-1\" \/>\n<link rel=\"canonical\" href=\"https:\/\/www.fila.it\/fr\/fr\/produit\/giotto-turbo-dobble\/\" \/>\n<meta property=\"og:locale\" content=\"fr_FR\" \/>\n<meta property=\"og:type\" content=\"article\" \/>\n<meta property=\"og:title\" content=\"Giotto Turbo Dobble - Fila France\" \/>\n<meta property=\"og:description\" content=\"Deux feutres en un : Giotto Turbo Dobble.\" \/>\n<meta property=\"og:url\" content=\"https:\/\/www.fila.it\/fr\/fr\/produit\/giotto-turbo-dobble\/\" \/>\n<meta property=\"og:site_name\" content=\"Fila France\" \/>\n<meta property=\"og:image\" content=\"https:\/\/www.fila.it\/fr\/..\/up\/sites\/7\/ID_351_HighRes.jpg\" \/>\n\t<meta property=\"og:image:width\" content=\"1200\" \/>\n\t<meta property=\"og:image:height\" content=\"1200\" \/>\n\t<meta property=\"og:image:type\" content=\"image\/jpeg\" \/>\n<meta name=\"twitter:card\" content=\"summary\" \/>\n<script type=\"application\/ld+json\" class=\"yoast-schema-graph\">{\"@context\":\"https:\/\/schema.org\",\"@graph\":[{\"@type\":\"WebSite\",\"@id\":\"https:\/\/www.fila.it\/fr\/en\/#website\",\"url\":\"https:\/\/www.fila.it\/fr\/en\/\",\"name\":\"Fila France\",\"description\":\"\",\"potentialAction\":[{\"@type\":\"SearchAction\",\"target\":{\"@type\":\"EntryPoint\",\"urlTemplate\":\"https:\/\/www.fila.it\/fr\/en\/?s={search_term_string}\"},\"query-input\":\"required name=search_term_string\"}],\"inLanguage\":\"fr-FR\"},{\"@type\":\"ImageObject\",\"inLanguage\":\"fr-FR\",\"@id\":\"https:\/\/www.fila.it\/fr\/fr\/produit\/giotto-turbo-dobble\/#primaryimage\",\"url\":\"https:\/\/www.fila.it\/fr\/..\/up\/sites\/7\/ID_351_HighRes.jpg\",\"contentUrl\":\"https:\/\/www.fila.it\/fr\/..\/up\/sites\/7\/ID_351_HighRes.jpg\",\"width\":1200,\"height\":1200},{\"@type\":\"WebPage\",\"@id\":\"https:\/\/www.fila.it\/fr\/fr\/produit\/giotto-turbo-dobble\/#webpage\",\"url\":\"https:\/\/www.fila.it\/fr\/fr\/produit\/giotto-turbo-dobble\/\",\"name\":\"Giotto Turbo Dobble - Fila France\",\"isPartOf\":{\"@id\":\"https:\/\/www.fila.it\/fr\/en\/#website\"},\"primaryImageOfPage\":{\"@id\":\"https:\/\/www.fila.it\/fr\/fr\/produit\/giotto-turbo-dobble\/#primaryimage\"},\"datePublished\":\"2018-04-05T12:18:13+00:00\",\"dateModified\":\"2018-04-05T12:18:13+00:00\",\"breadcrumb\":{\"@id\":\"https:\/\/www.fila.it\/fr\/fr\/produit\/giotto-turbo-dobble\/#breadcrumb\"},\"inLanguage\":\"fr-FR\",\"potentialAction\":[{\"@type\":\"ReadAction\",\"target\":[\"https:\/\/www.fila.it\/fr\/fr\/produit\/giotto-turbo-dobble\/\"]}]},{\"@type\":\"BreadcrumbList\",\"@id\":\"https:\/\/www.fila.it\/fr\/fr\/produit\/giotto-turbo-dobble\/#breadcrumb\",\"itemListElement\":[{\"@type\":\"ListItem\",\"position\":1,\"name\":\"Home\",\"item\":\"https:\/\/www.fila.it\/fr\/fr\/\"},{\"@type\":\"ListItem\",\"position\":2,\"name\":\"Shop\",\"item\":\"https:\/\/www.fila.it\/fr\/fr\/shop\/\"},{\"@type\":\"ListItem\",\"position\":3,\"name\":\"Giotto Turbo Dobble\"}]}]}<\/script>\n<!-- \/ Yoast SEO plugin. -->","yoast_head_json":{"title":"Giotto Turbo Dobble - Fila France","robots":{"index":"index","follow":"follow","max-snippet":"max-snippet:-1","max-image-preview":"max-image-preview:large","max-video-preview":"max-video-preview:-1"},"canonical":"https:\/\/www.fila.it\/fr\/fr\/produit\/giotto-turbo-dobble\/","og_locale":"fr_FR","og_type":"article","og_title":"Giotto Turbo Dobble - Fila France","og_description":"Deux feutres en un : Giotto Turbo Dobble.","og_url":"https:\/\/www.fila.it\/fr\/fr\/produit\/giotto-turbo-dobble\/","og_site_name":"Fila France","og_image":[{"width":1200,"height":1200,"url":"https:\/\/www.fila.it\/fr\/..\/up\/sites\/7\/ID_351_HighRes.jpg","type":"image\/jpeg"}],"twitter_card":"summary","schema":{"@context":"https:\/\/schema.org","@graph":[{"@type":"WebSite","@id":"https:\/\/www.fila.it\/fr\/en\/#website","url":"https:\/\/www.fila.it\/fr\/en\/","name":"Fila France","description":"","potentialAction":[{"@type":"SearchAction","target":{"@type":"EntryPoint","urlTemplate":"https:\/\/www.fila.it\/fr\/en\/?s={search_term_string}"},"query-input":"required name=search_term_string"}],"inLanguage":"fr-FR"},{"@type":"ImageObject","inLanguage":"fr-FR","@id":"https:\/\/www.fila.it\/fr\/fr\/produit\/giotto-turbo-dobble\/#primaryimage","url":"https:\/\/www.fila.it\/fr\/..\/up\/sites\/7\/ID_351_HighRes.jpg","contentUrl":"https:\/\/www.fila.it\/fr\/..\/up\/sites\/7\/ID_351_HighRes.jpg","width":1200,"height":1200},{"@type":"WebPage","@id":"https:\/\/www.fila.it\/fr\/fr\/produit\/giotto-turbo-dobble\/#webpage","url":"https:\/\/www.fila.it\/fr\/fr\/produit\/giotto-turbo-dobble\/","name":"Giotto Turbo Dobble - Fila France","isPartOf":{"@id":"https:\/\/www.fila.it\/fr\/en\/#website"},"primaryImageOfPage":{"@id":"https:\/\/www.fila.it\/fr\/fr\/produit\/giotto-turbo-dobble\/#primaryimage"},"datePublished":"2018-04-05T12:18:13+00:00","dateModified":"2018-04-05T12:18:13+00:00","breadcrumb":{"@id":"https:\/\/www.fila.it\/fr\/fr\/produit\/giotto-turbo-dobble\/#breadcrumb"},"inLanguage":"fr-FR","potentialAction":[{"@type":"ReadAction","target":["https:\/\/www.fila.it\/fr\/fr\/produit\/giotto-turbo-dobble\/"]}]},{"@type":"BreadcrumbList","@id":"https:\/\/www.fila.it\/fr\/fr\/produit\/giotto-turbo-dobble\/#breadcrumb","itemListElement":[{"@type":"ListItem","position":1,"name":"Home","item":"https:\/\/www.fila.it\/fr\/fr\/"},{"@type":"ListItem","position":2,"name":"Shop","item":"https:\/\/www.fila.it\/fr\/fr\/shop\/"},{"@type":"ListItem","position":3,"name":"Giotto Turbo Dobble"}]}]}},"_links":{"self":[{"href":"https:\/\/www.fila.it\/fr\/fr\/wp-json\/wp\/v2\/product\/28123"}],"collection":[{"href":"https:\/\/www.fila.it\/fr\/fr\/wp-json\/wp\/v2\/product"}],"about":[{"href":"https:\/\/www.fila.it\/fr\/fr\/wp-json\/wp\/v2\/types\/product"}],"replies":[{"embeddable":true,"href":"https:\/\/www.fila.it\/fr\/fr\/wp-json\/wp\/v2\/comments?post=28123"}],"wp:featuredmedia":[{"embeddable":true,"href":"https:\/\/www.fila.it\/fr\/fr\/wp-json\/wp\/v2\/media\/25535"}],"wp:attachment":[{"href":"https:\/\/www.fila.it\/fr\/fr\/wp-json\/wp\/v2\/media?parent=28123"}],"wp:term":[{"taxonomy":"product_cat","embeddable":true,"href":"https:\/\/www.fila.it\/fr\/fr\/wp-json\/wp\/v2\/product_cat?post=28123"},{"taxonomy":"product_tag","embeddable":true,"href":"https:\/\/www.fila.it\/fr\/fr\/wp-json\/wp\/v2\/product_tag?post=28123"}],"curies":[{"name":"wp","href":"https:\/\/api.w.org\/{rel}","templated":true}]}}