{"id":28230,"date":"2018-04-05T14:19:04","date_gmt":"2018-04-05T12:19:04","guid":{"rendered":"https:\/\/www.fila.it\/fr\/product\/giotto-be-be-mon-seau-de-modelage\/"},"modified":"2018-04-05T14:19:04","modified_gmt":"2018-04-05T12:19:04","slug":"giotto-be-be-mon-seau-de-modelage","status":"publish","type":"product","link":"https:\/\/www.fila.it\/fr\/fr\/produit\/giotto-be-be-mon-seau-de-modelage\/","title":{"rendered":"Giotto be-b\u00e8 Mon Seau de Modelage"},"content":{"rendered":"<p>Solides, r\u00e9sistants, s\u00e9curis\u00e9s et certifi\u00e9s pour l&#8217;utilisation par de jeunes enfants d\u00e8s l&#8217;\u00e2ge de 2 ans: Nouveau seau d&#8217;accessoires Giotto Beb\u00e8. 100% Italien, original, le seau contient tout ce dont les enfants ont besoin pour d\u00e9buter le modelage : cinq pots de 100g de p\u00e2te \u00e0 jouer Giotto Beb\u00e8 en couleurs rouge, blanc, jaune, vert et bleu. Dans le kit vous trouverez \u00e9galement un rouleau, un couteau ainsi que cinq emporte-pi\u00e8ces.<\/p>\n","protected":false},"excerpt":{"rendered":"<p>Giotto be-b\u00e8 Mon Seau de Modelage, pour un maximum d&#8217;amusement!<\/p>\n","protected":false},"featured_media":25767,"comment_status":"closed","ping_status":"open","template":"","meta":[],"product_cat":[5058],"product_tag":[5123,5059,5176],"acf":[],"yoast_head":"<!-- This site is optimized with the Yoast SEO plugin v18.9 - https:\/\/yoast.com\/wordpress\/plugins\/seo\/ -->\n<title>Giotto be-b\u00e8 Mon Seau de Modelage - Fila France<\/title>\n<meta name=\"robots\" content=\"index, follow, max-snippet:-1, max-image-preview:large, max-video-preview:-1\" \/>\n<link rel=\"canonical\" href=\"https:\/\/www.fila.it\/fr\/fr\/produit\/giotto-be-be-mon-seau-de-modelage\/\" \/>\n<meta property=\"og:locale\" content=\"fr_FR\" \/>\n<meta property=\"og:type\" content=\"article\" \/>\n<meta property=\"og:title\" content=\"Giotto be-b\u00e8 Mon Seau de Modelage - Fila France\" \/>\n<meta property=\"og:description\" content=\"Giotto be-b\u00e8 Mon Seau de Modelage, pour un maximum d&#039;amusement!\" \/>\n<meta property=\"og:url\" content=\"https:\/\/www.fila.it\/fr\/fr\/produit\/giotto-be-be-mon-seau-de-modelage\/\" \/>\n<meta property=\"og:site_name\" content=\"Fila France\" \/>\n<meta property=\"og:image\" content=\"https:\/\/www.fila.it\/fr\/..\/up\/sites\/7\/ID_2017_E41_HighRes.jpg\" \/>\n\t<meta property=\"og:image:width\" content=\"1200\" \/>\n\t<meta property=\"og:image:height\" content=\"1200\" \/>\n\t<meta property=\"og:image:type\" content=\"image\/jpeg\" \/>\n<meta name=\"twitter:card\" content=\"summary\" \/>\n<script type=\"application\/ld+json\" class=\"yoast-schema-graph\">{\"@context\":\"https:\/\/schema.org\",\"@graph\":[{\"@type\":\"WebSite\",\"@id\":\"https:\/\/www.fila.it\/fr\/en\/#website\",\"url\":\"https:\/\/www.fila.it\/fr\/en\/\",\"name\":\"Fila France\",\"description\":\"\",\"potentialAction\":[{\"@type\":\"SearchAction\",\"target\":{\"@type\":\"EntryPoint\",\"urlTemplate\":\"https:\/\/www.fila.it\/fr\/en\/?s={search_term_string}\"},\"query-input\":\"required name=search_term_string\"}],\"inLanguage\":\"fr-FR\"},{\"@type\":\"ImageObject\",\"inLanguage\":\"fr-FR\",\"@id\":\"https:\/\/www.fila.it\/fr\/fr\/produit\/giotto-be-be-mon-seau-de-modelage\/#primaryimage\",\"url\":\"https:\/\/www.fila.it\/fr\/..\/up\/sites\/7\/ID_2017_E41_HighRes.jpg\",\"contentUrl\":\"https:\/\/www.fila.it\/fr\/..\/up\/sites\/7\/ID_2017_E41_HighRes.jpg\",\"width\":1200,\"height\":1200},{\"@type\":\"WebPage\",\"@id\":\"https:\/\/www.fila.it\/fr\/fr\/produit\/giotto-be-be-mon-seau-de-modelage\/#webpage\",\"url\":\"https:\/\/www.fila.it\/fr\/fr\/produit\/giotto-be-be-mon-seau-de-modelage\/\",\"name\":\"Giotto be-b\u00e8 Mon Seau de Modelage - Fila France\",\"isPartOf\":{\"@id\":\"https:\/\/www.fila.it\/fr\/en\/#website\"},\"primaryImageOfPage\":{\"@id\":\"https:\/\/www.fila.it\/fr\/fr\/produit\/giotto-be-be-mon-seau-de-modelage\/#primaryimage\"},\"datePublished\":\"2018-04-05T12:19:04+00:00\",\"dateModified\":\"2018-04-05T12:19:04+00:00\",\"breadcrumb\":{\"@id\":\"https:\/\/www.fila.it\/fr\/fr\/produit\/giotto-be-be-mon-seau-de-modelage\/#breadcrumb\"},\"inLanguage\":\"fr-FR\",\"potentialAction\":[{\"@type\":\"ReadAction\",\"target\":[\"https:\/\/www.fila.it\/fr\/fr\/produit\/giotto-be-be-mon-seau-de-modelage\/\"]}]},{\"@type\":\"BreadcrumbList\",\"@id\":\"https:\/\/www.fila.it\/fr\/fr\/produit\/giotto-be-be-mon-seau-de-modelage\/#breadcrumb\",\"itemListElement\":[{\"@type\":\"ListItem\",\"position\":1,\"name\":\"Home\",\"item\":\"https:\/\/www.fila.it\/fr\/fr\/\"},{\"@type\":\"ListItem\",\"position\":2,\"name\":\"Shop\",\"item\":\"https:\/\/www.fila.it\/fr\/fr\/shop\/\"},{\"@type\":\"ListItem\",\"position\":3,\"name\":\"Giotto be-b\u00e8 Mon Seau de Modelage\"}]}]}<\/script>\n<!-- \/ Yoast SEO plugin. -->","yoast_head_json":{"title":"Giotto be-b\u00e8 Mon Seau de Modelage - Fila France","robots":{"index":"index","follow":"follow","max-snippet":"max-snippet:-1","max-image-preview":"max-image-preview:large","max-video-preview":"max-video-preview:-1"},"canonical":"https:\/\/www.fila.it\/fr\/fr\/produit\/giotto-be-be-mon-seau-de-modelage\/","og_locale":"fr_FR","og_type":"article","og_title":"Giotto be-b\u00e8 Mon Seau de Modelage - Fila France","og_description":"Giotto be-b\u00e8 Mon Seau de Modelage, pour un maximum d'amusement!","og_url":"https:\/\/www.fila.it\/fr\/fr\/produit\/giotto-be-be-mon-seau-de-modelage\/","og_site_name":"Fila France","og_image":[{"width":1200,"height":1200,"url":"https:\/\/www.fila.it\/fr\/..\/up\/sites\/7\/ID_2017_E41_HighRes.jpg","type":"image\/jpeg"}],"twitter_card":"summary","schema":{"@context":"https:\/\/schema.org","@graph":[{"@type":"WebSite","@id":"https:\/\/www.fila.it\/fr\/en\/#website","url":"https:\/\/www.fila.it\/fr\/en\/","name":"Fila France","description":"","potentialAction":[{"@type":"SearchAction","target":{"@type":"EntryPoint","urlTemplate":"https:\/\/www.fila.it\/fr\/en\/?s={search_term_string}"},"query-input":"required name=search_term_string"}],"inLanguage":"fr-FR"},{"@type":"ImageObject","inLanguage":"fr-FR","@id":"https:\/\/www.fila.it\/fr\/fr\/produit\/giotto-be-be-mon-seau-de-modelage\/#primaryimage","url":"https:\/\/www.fila.it\/fr\/..\/up\/sites\/7\/ID_2017_E41_HighRes.jpg","contentUrl":"https:\/\/www.fila.it\/fr\/..\/up\/sites\/7\/ID_2017_E41_HighRes.jpg","width":1200,"height":1200},{"@type":"WebPage","@id":"https:\/\/www.fila.it\/fr\/fr\/produit\/giotto-be-be-mon-seau-de-modelage\/#webpage","url":"https:\/\/www.fila.it\/fr\/fr\/produit\/giotto-be-be-mon-seau-de-modelage\/","name":"Giotto be-b\u00e8 Mon Seau de Modelage - Fila France","isPartOf":{"@id":"https:\/\/www.fila.it\/fr\/en\/#website"},"primaryImageOfPage":{"@id":"https:\/\/www.fila.it\/fr\/fr\/produit\/giotto-be-be-mon-seau-de-modelage\/#primaryimage"},"datePublished":"2018-04-05T12:19:04+00:00","dateModified":"2018-04-05T12:19:04+00:00","breadcrumb":{"@id":"https:\/\/www.fila.it\/fr\/fr\/produit\/giotto-be-be-mon-seau-de-modelage\/#breadcrumb"},"inLanguage":"fr-FR","potentialAction":[{"@type":"ReadAction","target":["https:\/\/www.fila.it\/fr\/fr\/produit\/giotto-be-be-mon-seau-de-modelage\/"]}]},{"@type":"BreadcrumbList","@id":"https:\/\/www.fila.it\/fr\/fr\/produit\/giotto-be-be-mon-seau-de-modelage\/#breadcrumb","itemListElement":[{"@type":"ListItem","position":1,"name":"Home","item":"https:\/\/www.fila.it\/fr\/fr\/"},{"@type":"ListItem","position":2,"name":"Shop","item":"https:\/\/www.fila.it\/fr\/fr\/shop\/"},{"@type":"ListItem","position":3,"name":"Giotto be-b\u00e8 Mon Seau de Modelage"}]}]}},"_links":{"self":[{"href":"https:\/\/www.fila.it\/fr\/fr\/wp-json\/wp\/v2\/product\/28230"}],"collection":[{"href":"https:\/\/www.fila.it\/fr\/fr\/wp-json\/wp\/v2\/product"}],"about":[{"href":"https:\/\/www.fila.it\/fr\/fr\/wp-json\/wp\/v2\/types\/product"}],"replies":[{"embeddable":true,"href":"https:\/\/www.fila.it\/fr\/fr\/wp-json\/wp\/v2\/comments?post=28230"}],"wp:featuredmedia":[{"embeddable":true,"href":"https:\/\/www.fila.it\/fr\/fr\/wp-json\/wp\/v2\/media\/25767"}],"wp:attachment":[{"href":"https:\/\/www.fila.it\/fr\/fr\/wp-json\/wp\/v2\/media?parent=28230"}],"wp:term":[{"taxonomy":"product_cat","embeddable":true,"href":"https:\/\/www.fila.it\/fr\/fr\/wp-json\/wp\/v2\/product_cat?post=28230"},{"taxonomy":"product_tag","embeddable":true,"href":"https:\/\/www.fila.it\/fr\/fr\/wp-json\/wp\/v2\/product_tag?post=28230"}],"curies":[{"name":"wp","href":"https:\/\/api.w.org\/{rel}","templated":true}]}}