{"id":34926,"date":"2022-02-02T12:06:46","date_gmt":"2022-02-02T11:06:46","guid":{"rendered":"https:\/\/www.fila.it\/fr\/product\/lyra-aqua-brush-duo-skin-tones\/"},"modified":"2022-02-02T12:51:50","modified_gmt":"2022-02-02T11:51:50","slug":"lyra-aqua-brush-duo-skin-tones","status":"publish","type":"product","link":"https:\/\/www.fila.it\/fr\/fr\/produit\/lyra-aqua-brush-duo-skin-tones\/","title":{"rendered":"LYRA Aqua Brush Duo Skin Tones"},"content":{"rendered":"<p>LYRA propose aux cr\u00e9atifs qui aiment exp\u00e9rimenter une gamme de marqueurs \u00e0 base d&#8217;eau \u00e0 double pointe pour la conception graphique et le dessin artistique. Les couleurs cr\u00e9ent un effet aquarelle et se m\u00e9langent parfaitement. La pointe fine est con\u00e7ue pour des traits pr\u00e9cis, des contours et des d\u00e9tails. La pointe flexible et \u00e9lastique est destin\u00e9e \u00e0 une application large et douce de la couleur et des lettres.<br \/>\nDisponible en 6 teintes diff\u00e9rentes pour repr\u00e9senter tous les tons de peau.<\/p>\n","protected":false},"excerpt":{"rendered":"<p>Double conseil, possibilit\u00e9s infinies.<\/p>\n","protected":false},"featured_media":34878,"comment_status":"closed","ping_status":"closed","template":"","meta":[],"product_cat":[5178],"product_tag":[5179,5182,5100],"acf":[],"yoast_head":"<!-- This site is optimized with the Yoast SEO plugin v18.9 - https:\/\/yoast.com\/wordpress\/plugins\/seo\/ -->\n<title>LYRA Aqua Brush Duo Skin Tones - Fila France<\/title>\n<meta name=\"robots\" content=\"index, follow, max-snippet:-1, max-image-preview:large, max-video-preview:-1\" \/>\n<link rel=\"canonical\" href=\"https:\/\/www.fila.it\/fr\/fr\/produit\/lyra-aqua-brush-duo-skin-tones\/\" \/>\n<meta property=\"og:locale\" content=\"fr_FR\" \/>\n<meta property=\"og:type\" content=\"article\" \/>\n<meta property=\"og:title\" content=\"LYRA Aqua Brush Duo Skin Tones - Fila France\" \/>\n<meta property=\"og:description\" content=\"Double conseil, possibilit\u00e9s infinies.\" \/>\n<meta property=\"og:url\" content=\"https:\/\/www.fila.it\/fr\/fr\/produit\/lyra-aqua-brush-duo-skin-tones\/\" \/>\n<meta property=\"og:site_name\" content=\"Fila France\" \/>\n<meta property=\"article:modified_time\" content=\"2022-02-02T11:51:50+00:00\" \/>\n<meta property=\"og:image\" content=\"https:\/\/www.fila.it\/fr\/..\/up\/sites\/7\/lyra-aqua-brush-duo-skin-tones.jpg\" \/>\n\t<meta property=\"og:image:width\" content=\"1200\" \/>\n\t<meta property=\"og:image:height\" content=\"1200\" \/>\n\t<meta property=\"og:image:type\" content=\"image\/jpeg\" \/>\n<meta name=\"twitter:card\" content=\"summary\" \/>\n<script type=\"application\/ld+json\" class=\"yoast-schema-graph\">{\"@context\":\"https:\/\/schema.org\",\"@graph\":[{\"@type\":\"WebSite\",\"@id\":\"https:\/\/www.fila.it\/fr\/en\/#website\",\"url\":\"https:\/\/www.fila.it\/fr\/en\/\",\"name\":\"Fila France\",\"description\":\"\",\"potentialAction\":[{\"@type\":\"SearchAction\",\"target\":{\"@type\":\"EntryPoint\",\"urlTemplate\":\"https:\/\/www.fila.it\/fr\/en\/?s={search_term_string}\"},\"query-input\":\"required name=search_term_string\"}],\"inLanguage\":\"fr-FR\"},{\"@type\":\"ImageObject\",\"inLanguage\":\"fr-FR\",\"@id\":\"https:\/\/www.fila.it\/fr\/fr\/produit\/lyra-aqua-brush-duo-skin-tones\/#primaryimage\",\"url\":\"https:\/\/www.fila.it\/fr\/..\/up\/sites\/7\/lyra-aqua-brush-duo-skin-tones.jpg\",\"contentUrl\":\"https:\/\/www.fila.it\/fr\/..\/up\/sites\/7\/lyra-aqua-brush-duo-skin-tones.jpg\",\"width\":1200,\"height\":1200},{\"@type\":\"WebPage\",\"@id\":\"https:\/\/www.fila.it\/fr\/fr\/produit\/lyra-aqua-brush-duo-skin-tones\/#webpage\",\"url\":\"https:\/\/www.fila.it\/fr\/fr\/produit\/lyra-aqua-brush-duo-skin-tones\/\",\"name\":\"LYRA Aqua Brush Duo Skin Tones - Fila France\",\"isPartOf\":{\"@id\":\"https:\/\/www.fila.it\/fr\/en\/#website\"},\"primaryImageOfPage\":{\"@id\":\"https:\/\/www.fila.it\/fr\/fr\/produit\/lyra-aqua-brush-duo-skin-tones\/#primaryimage\"},\"datePublished\":\"2022-02-02T11:06:46+00:00\",\"dateModified\":\"2022-02-02T11:51:50+00:00\",\"breadcrumb\":{\"@id\":\"https:\/\/www.fila.it\/fr\/fr\/produit\/lyra-aqua-brush-duo-skin-tones\/#breadcrumb\"},\"inLanguage\":\"fr-FR\",\"potentialAction\":[{\"@type\":\"ReadAction\",\"target\":[\"https:\/\/www.fila.it\/fr\/fr\/produit\/lyra-aqua-brush-duo-skin-tones\/\"]}]},{\"@type\":\"BreadcrumbList\",\"@id\":\"https:\/\/www.fila.it\/fr\/fr\/produit\/lyra-aqua-brush-duo-skin-tones\/#breadcrumb\",\"itemListElement\":[{\"@type\":\"ListItem\",\"position\":1,\"name\":\"Home\",\"item\":\"https:\/\/www.fila.it\/fr\/fr\/\"},{\"@type\":\"ListItem\",\"position\":2,\"name\":\"Shop\",\"item\":\"https:\/\/www.fila.it\/fr\/fr\/shop\/\"},{\"@type\":\"ListItem\",\"position\":3,\"name\":\"LYRA Aqua Brush Duo Skin Tones\"}]}]}<\/script>\n<!-- \/ Yoast SEO plugin. -->","yoast_head_json":{"title":"LYRA Aqua Brush Duo Skin Tones - Fila France","robots":{"index":"index","follow":"follow","max-snippet":"max-snippet:-1","max-image-preview":"max-image-preview:large","max-video-preview":"max-video-preview:-1"},"canonical":"https:\/\/www.fila.it\/fr\/fr\/produit\/lyra-aqua-brush-duo-skin-tones\/","og_locale":"fr_FR","og_type":"article","og_title":"LYRA Aqua Brush Duo Skin Tones - Fila France","og_description":"Double conseil, possibilit\u00e9s infinies.","og_url":"https:\/\/www.fila.it\/fr\/fr\/produit\/lyra-aqua-brush-duo-skin-tones\/","og_site_name":"Fila France","article_modified_time":"2022-02-02T11:51:50+00:00","og_image":[{"width":1200,"height":1200,"url":"https:\/\/www.fila.it\/fr\/..\/up\/sites\/7\/lyra-aqua-brush-duo-skin-tones.jpg","type":"image\/jpeg"}],"twitter_card":"summary","schema":{"@context":"https:\/\/schema.org","@graph":[{"@type":"WebSite","@id":"https:\/\/www.fila.it\/fr\/en\/#website","url":"https:\/\/www.fila.it\/fr\/en\/","name":"Fila France","description":"","potentialAction":[{"@type":"SearchAction","target":{"@type":"EntryPoint","urlTemplate":"https:\/\/www.fila.it\/fr\/en\/?s={search_term_string}"},"query-input":"required name=search_term_string"}],"inLanguage":"fr-FR"},{"@type":"ImageObject","inLanguage":"fr-FR","@id":"https:\/\/www.fila.it\/fr\/fr\/produit\/lyra-aqua-brush-duo-skin-tones\/#primaryimage","url":"https:\/\/www.fila.it\/fr\/..\/up\/sites\/7\/lyra-aqua-brush-duo-skin-tones.jpg","contentUrl":"https:\/\/www.fila.it\/fr\/..\/up\/sites\/7\/lyra-aqua-brush-duo-skin-tones.jpg","width":1200,"height":1200},{"@type":"WebPage","@id":"https:\/\/www.fila.it\/fr\/fr\/produit\/lyra-aqua-brush-duo-skin-tones\/#webpage","url":"https:\/\/www.fila.it\/fr\/fr\/produit\/lyra-aqua-brush-duo-skin-tones\/","name":"LYRA Aqua Brush Duo Skin Tones - Fila France","isPartOf":{"@id":"https:\/\/www.fila.it\/fr\/en\/#website"},"primaryImageOfPage":{"@id":"https:\/\/www.fila.it\/fr\/fr\/produit\/lyra-aqua-brush-duo-skin-tones\/#primaryimage"},"datePublished":"2022-02-02T11:06:46+00:00","dateModified":"2022-02-02T11:51:50+00:00","breadcrumb":{"@id":"https:\/\/www.fila.it\/fr\/fr\/produit\/lyra-aqua-brush-duo-skin-tones\/#breadcrumb"},"inLanguage":"fr-FR","potentialAction":[{"@type":"ReadAction","target":["https:\/\/www.fila.it\/fr\/fr\/produit\/lyra-aqua-brush-duo-skin-tones\/"]}]},{"@type":"BreadcrumbList","@id":"https:\/\/www.fila.it\/fr\/fr\/produit\/lyra-aqua-brush-duo-skin-tones\/#breadcrumb","itemListElement":[{"@type":"ListItem","position":1,"name":"Home","item":"https:\/\/www.fila.it\/fr\/fr\/"},{"@type":"ListItem","position":2,"name":"Shop","item":"https:\/\/www.fila.it\/fr\/fr\/shop\/"},{"@type":"ListItem","position":3,"name":"LYRA Aqua Brush Duo Skin Tones"}]}]}},"_links":{"self":[{"href":"https:\/\/www.fila.it\/fr\/fr\/wp-json\/wp\/v2\/product\/34926"}],"collection":[{"href":"https:\/\/www.fila.it\/fr\/fr\/wp-json\/wp\/v2\/product"}],"about":[{"href":"https:\/\/www.fila.it\/fr\/fr\/wp-json\/wp\/v2\/types\/product"}],"replies":[{"embeddable":true,"href":"https:\/\/www.fila.it\/fr\/fr\/wp-json\/wp\/v2\/comments?post=34926"}],"wp:featuredmedia":[{"embeddable":true,"href":"https:\/\/www.fila.it\/fr\/fr\/wp-json\/wp\/v2\/media\/34878"}],"wp:attachment":[{"href":"https:\/\/www.fila.it\/fr\/fr\/wp-json\/wp\/v2\/media?parent=34926"}],"wp:term":[{"taxonomy":"product_cat","embeddable":true,"href":"https:\/\/www.fila.it\/fr\/fr\/wp-json\/wp\/v2\/product_cat?post=34926"},{"taxonomy":"product_tag","embeddable":true,"href":"https:\/\/www.fila.it\/fr\/fr\/wp-json\/wp\/v2\/product_tag?post=34926"}],"curies":[{"name":"wp","href":"https:\/\/api.w.org\/{rel}","templated":true}]}}