{"id":35491,"date":"2023-07-26T17:27:25","date_gmt":"2023-07-26T15:29:39","guid":{"rendered":"https:\/\/www.fila.it\/fr\/?post_type=product&#038;p=35491"},"modified":"2023-07-26T17:29:41","modified_gmt":"2023-07-26T15:29:41","slug":"giotto-patplume-schoolpack","status":"publish","type":"product","link":"https:\/\/www.fila.it\/fr\/fr\/produit\/giotto-patplume-schoolpack\/","title":{"rendered":"Giotto Patplume &#8211; Schoolpack"},"content":{"rendered":"<p>UN MONDE \u00c0 MODELER ! La gamme GIOTTO Skin Tones offre une s\u00e9lection d&#8217;outils qui permettent \u00e0 chaque enfant d&#8217;exprimer librement sa culture et sa diversit\u00e9 avec de nouvelles teintes pour repr\u00e9senter diff\u00e9rentes nuances de peau. Pour modeler toutes les couleurs du monde, il y a la nouvelle GIOTTO Patplume. Il s&#8217;agit d&#8217;une p\u00e2te \u00e0 modeler 100 % v\u00e9g\u00e9tale produite \u00e0 partir d&#8217;ingr\u00e9dients naturels et de mati\u00e8res premi\u00e8res soigneusement s\u00e9lectionn\u00e9es provenant de sources renouvelables. Toujours souple, elle ne s\u00e8che jamais \u00e0 l&#8217;air, ne tache pas les surfaces et les tissus. Elle est sans gluten et peut \u00eatre utilis\u00e9e en toute s\u00e9curit\u00e9 par les personnes atteintes de la maladie c\u0153liaque. La nouvelle GIOTTO Patplume convient aux enfants d\u00e8s l&#8217;\u00e2ge de deux ans et est disponible dans de nouvelles couleurs vives, toutes miscibles pour cr\u00e9er une large gamme de teintes diff\u00e9rentes. Pour une touche d&#8217;inspiration cr\u00e9ative, l&#8217;arri\u00e8re de l&#8217;emballage pr\u00e9sente un tutoriel photo et un code QR avec un lien vers un tutoriel vid\u00e9o sur la cr\u00e9ation d&#8217;un petit personnage mignon. Jouer avec la Patplume stimule la r\u00e9flexion et d\u00e9veloppe les comp\u00e9tences psychomotrices.<br \/>\nD\u00e9couvrez les autres produits de la gamme GIOTTO Skin Tones.<\/p>\n","protected":false},"excerpt":{"rendered":"<p>Fa\u00e7onnez l\u2019inclusion dans votre salle de classe, avec Patplume Skin Tones<\/p>\n","protected":false},"featured_media":35490,"comment_status":"closed","ping_status":"closed","template":"","meta":[],"product_cat":[5058],"product_tag":[],"acf":[],"yoast_head":"<!-- This site is optimized with the Yoast SEO plugin v18.9 - https:\/\/yoast.com\/wordpress\/plugins\/seo\/ -->\n<title>Giotto Patplume - Schoolpack - Fila France<\/title>\n<meta name=\"robots\" content=\"index, follow, max-snippet:-1, max-image-preview:large, max-video-preview:-1\" \/>\n<link rel=\"canonical\" href=\"https:\/\/www.fila.it\/fr\/fr\/produit\/giotto-patplume-schoolpack\/\" \/>\n<meta property=\"og:locale\" content=\"fr_FR\" \/>\n<meta property=\"og:type\" content=\"article\" \/>\n<meta property=\"og:title\" content=\"Giotto Patplume - Schoolpack - Fila France\" \/>\n<meta property=\"og:description\" content=\"Fa\u00e7onnez l\u2019inclusion dans votre salle de classe, avec Patplume Skin Tones\" \/>\n<meta property=\"og:url\" content=\"https:\/\/www.fila.it\/fr\/fr\/produit\/giotto-patplume-schoolpack\/\" \/>\n<meta property=\"og:site_name\" content=\"Fila France\" \/>\n<meta property=\"article:modified_time\" content=\"2023-07-26T15:29:41+00:00\" \/>\n<meta property=\"og:image\" content=\"https:\/\/www.fila.it\/fr\/..\/up\/sites\/7\/F515400_Giotto_Patplume_Skin_tones-school.jpg\" \/>\n\t<meta property=\"og:image:width\" content=\"600\" \/>\n\t<meta property=\"og:image:height\" content=\"600\" \/>\n\t<meta property=\"og:image:type\" content=\"image\/jpeg\" \/>\n<meta name=\"twitter:card\" content=\"summary\" \/>\n<meta name=\"twitter:label1\" content=\"Est. reading time\" \/>\n\t<meta name=\"twitter:data1\" content=\"1 minute\" \/>\n<script type=\"application\/ld+json\" class=\"yoast-schema-graph\">{\"@context\":\"https:\/\/schema.org\",\"@graph\":[{\"@type\":\"WebSite\",\"@id\":\"https:\/\/www.fila.it\/fr\/en\/#website\",\"url\":\"https:\/\/www.fila.it\/fr\/en\/\",\"name\":\"Fila France\",\"description\":\"\",\"potentialAction\":[{\"@type\":\"SearchAction\",\"target\":{\"@type\":\"EntryPoint\",\"urlTemplate\":\"https:\/\/www.fila.it\/fr\/en\/?s={search_term_string}\"},\"query-input\":\"required name=search_term_string\"}],\"inLanguage\":\"fr-FR\"},{\"@type\":\"ImageObject\",\"inLanguage\":\"fr-FR\",\"@id\":\"https:\/\/www.fila.it\/fr\/fr\/produit\/giotto-patplume-schoolpack\/#primaryimage\",\"url\":\"https:\/\/www.fila.it\/fr\/..\/up\/sites\/7\/F515400_Giotto_Patplume_Skin_tones-school.jpg\",\"contentUrl\":\"https:\/\/www.fila.it\/fr\/..\/up\/sites\/7\/F515400_Giotto_Patplume_Skin_tones-school.jpg\",\"width\":600,\"height\":600},{\"@type\":\"WebPage\",\"@id\":\"https:\/\/www.fila.it\/fr\/fr\/produit\/giotto-patplume-schoolpack\/#webpage\",\"url\":\"https:\/\/www.fila.it\/fr\/fr\/produit\/giotto-patplume-schoolpack\/\",\"name\":\"Giotto Patplume - Schoolpack - Fila France\",\"isPartOf\":{\"@id\":\"https:\/\/www.fila.it\/fr\/en\/#website\"},\"primaryImageOfPage\":{\"@id\":\"https:\/\/www.fila.it\/fr\/fr\/produit\/giotto-patplume-schoolpack\/#primaryimage\"},\"datePublished\":\"2023-07-26T15:29:39+00:00\",\"dateModified\":\"2023-07-26T15:29:41+00:00\",\"breadcrumb\":{\"@id\":\"https:\/\/www.fila.it\/fr\/fr\/produit\/giotto-patplume-schoolpack\/#breadcrumb\"},\"inLanguage\":\"fr-FR\",\"potentialAction\":[{\"@type\":\"ReadAction\",\"target\":[\"https:\/\/www.fila.it\/fr\/fr\/produit\/giotto-patplume-schoolpack\/\"]}]},{\"@type\":\"BreadcrumbList\",\"@id\":\"https:\/\/www.fila.it\/fr\/fr\/produit\/giotto-patplume-schoolpack\/#breadcrumb\",\"itemListElement\":[{\"@type\":\"ListItem\",\"position\":1,\"name\":\"Home\",\"item\":\"https:\/\/www.fila.it\/fr\/fr\/\"},{\"@type\":\"ListItem\",\"position\":2,\"name\":\"Shop\",\"item\":\"https:\/\/www.fila.it\/fr\/fr\/shop\/\"},{\"@type\":\"ListItem\",\"position\":3,\"name\":\"Giotto Patplume &#8211; Schoolpack\"}]}]}<\/script>\n<!-- \/ Yoast SEO plugin. -->","yoast_head_json":{"title":"Giotto Patplume - Schoolpack - Fila France","robots":{"index":"index","follow":"follow","max-snippet":"max-snippet:-1","max-image-preview":"max-image-preview:large","max-video-preview":"max-video-preview:-1"},"canonical":"https:\/\/www.fila.it\/fr\/fr\/produit\/giotto-patplume-schoolpack\/","og_locale":"fr_FR","og_type":"article","og_title":"Giotto Patplume - Schoolpack - Fila France","og_description":"Fa\u00e7onnez l\u2019inclusion dans votre salle de classe, avec Patplume Skin Tones","og_url":"https:\/\/www.fila.it\/fr\/fr\/produit\/giotto-patplume-schoolpack\/","og_site_name":"Fila France","article_modified_time":"2023-07-26T15:29:41+00:00","og_image":[{"width":600,"height":600,"url":"https:\/\/www.fila.it\/fr\/..\/up\/sites\/7\/F515400_Giotto_Patplume_Skin_tones-school.jpg","type":"image\/jpeg"}],"twitter_card":"summary","twitter_misc":{"Est. reading time":"1 minute"},"schema":{"@context":"https:\/\/schema.org","@graph":[{"@type":"WebSite","@id":"https:\/\/www.fila.it\/fr\/en\/#website","url":"https:\/\/www.fila.it\/fr\/en\/","name":"Fila France","description":"","potentialAction":[{"@type":"SearchAction","target":{"@type":"EntryPoint","urlTemplate":"https:\/\/www.fila.it\/fr\/en\/?s={search_term_string}"},"query-input":"required name=search_term_string"}],"inLanguage":"fr-FR"},{"@type":"ImageObject","inLanguage":"fr-FR","@id":"https:\/\/www.fila.it\/fr\/fr\/produit\/giotto-patplume-schoolpack\/#primaryimage","url":"https:\/\/www.fila.it\/fr\/..\/up\/sites\/7\/F515400_Giotto_Patplume_Skin_tones-school.jpg","contentUrl":"https:\/\/www.fila.it\/fr\/..\/up\/sites\/7\/F515400_Giotto_Patplume_Skin_tones-school.jpg","width":600,"height":600},{"@type":"WebPage","@id":"https:\/\/www.fila.it\/fr\/fr\/produit\/giotto-patplume-schoolpack\/#webpage","url":"https:\/\/www.fila.it\/fr\/fr\/produit\/giotto-patplume-schoolpack\/","name":"Giotto Patplume - Schoolpack - Fila France","isPartOf":{"@id":"https:\/\/www.fila.it\/fr\/en\/#website"},"primaryImageOfPage":{"@id":"https:\/\/www.fila.it\/fr\/fr\/produit\/giotto-patplume-schoolpack\/#primaryimage"},"datePublished":"2023-07-26T15:29:39+00:00","dateModified":"2023-07-26T15:29:41+00:00","breadcrumb":{"@id":"https:\/\/www.fila.it\/fr\/fr\/produit\/giotto-patplume-schoolpack\/#breadcrumb"},"inLanguage":"fr-FR","potentialAction":[{"@type":"ReadAction","target":["https:\/\/www.fila.it\/fr\/fr\/produit\/giotto-patplume-schoolpack\/"]}]},{"@type":"BreadcrumbList","@id":"https:\/\/www.fila.it\/fr\/fr\/produit\/giotto-patplume-schoolpack\/#breadcrumb","itemListElement":[{"@type":"ListItem","position":1,"name":"Home","item":"https:\/\/www.fila.it\/fr\/fr\/"},{"@type":"ListItem","position":2,"name":"Shop","item":"https:\/\/www.fila.it\/fr\/fr\/shop\/"},{"@type":"ListItem","position":3,"name":"Giotto Patplume &#8211; Schoolpack"}]}]}},"_links":{"self":[{"href":"https:\/\/www.fila.it\/fr\/fr\/wp-json\/wp\/v2\/product\/35491"}],"collection":[{"href":"https:\/\/www.fila.it\/fr\/fr\/wp-json\/wp\/v2\/product"}],"about":[{"href":"https:\/\/www.fila.it\/fr\/fr\/wp-json\/wp\/v2\/types\/product"}],"replies":[{"embeddable":true,"href":"https:\/\/www.fila.it\/fr\/fr\/wp-json\/wp\/v2\/comments?post=35491"}],"wp:featuredmedia":[{"embeddable":true,"href":"https:\/\/www.fila.it\/fr\/fr\/wp-json\/wp\/v2\/media\/35490"}],"wp:attachment":[{"href":"https:\/\/www.fila.it\/fr\/fr\/wp-json\/wp\/v2\/media?parent=35491"}],"wp:term":[{"taxonomy":"product_cat","embeddable":true,"href":"https:\/\/www.fila.it\/fr\/fr\/wp-json\/wp\/v2\/product_cat?post=35491"},{"taxonomy":"product_tag","embeddable":true,"href":"https:\/\/www.fila.it\/fr\/fr\/wp-json\/wp\/v2\/product_tag?post=35491"}],"curies":[{"name":"wp","href":"https:\/\/api.w.org\/{rel}","templated":true}]}}