{"id":26065,"date":"2017-11-10T10:45:48","date_gmt":"2017-11-10T09:45:48","guid":{"rendered":"https:\/\/www.fila.it\/int\/en\/?page_id=26065"},"modified":"2017-11-10T10:45:48","modified_gmt":"2017-11-10T09:45:48","slug":"lyra_graduate_es","status":"publish","type":"page","link":"https:\/\/www.fila.it\/int\/en\/lyra_graduate_es\/","title":{"rendered":""},"content":{"rendered":"<p style=\"text-align: center;\"><img loading=\"lazy\" class=\"aligncenter size-full wp-image-25423\" src=\"\/up\/sites\/2\/graduate_ic.jpg\" alt=\"Lyra Graduate - A world of living colours\" width=\"1920\" height=\"1130\" \/><\/p>\n<p style=\"margin: 0 15% 2% 15%;\">Una nueva gama, <strong>m\u00e1s cercana al lenguaje de los j\u00f3venes<\/strong>. Est\u00e1 dise\u00f1ada para entrar en el coraz\u00f3n de todos los <strong>estudiantes y entusiastas del dise\u00f1o<\/strong> que quieren mirar el mundo con unos nuevos ojos y que han crecido en la era digital.<\/p>\n<p style=\"text-align: center;\"><img loading=\"lazy\" class=\"aligncenter wp-image-25425\" src=\"\/up\/sites\/2\/graduate_prod_ic.jpg\" alt=\"\" width=\"666\" height=\"128\" \/><\/p>\n<p style=\"margin: 0 15% 2% 15%;\">Con Lyra Graduate, los creativos podr\u00e1n expresarse a trav\u00e9s de <strong>nuevos matices y herramientas<\/strong>.<\/p>\n<p style=\"margin: 0 15% 2% 15%;\">La l\u00ednea de Lyra Graduate incluye:<\/p>\n<ul style=\"margin: 0 15% 2% 15%;\">\n<li style=\"margin-bottom: 2%;\"><strong>Lyra Graduate<\/strong><br \/>\nUn conjunto pr\u00e1ctico de <strong>l\u00e1pices de color de alta calidad<\/strong>. Sus colores vivos e intensos, tienen una mina muy resistente de 3,8 mm., por lo que son muy duraderos. Est\u00e1n fabricados con madera de cedro certificada PEFC. Son muy f\u00e1ciles de afilar y est\u00e1n disponibles en estuches de 12 o 24 colores y en estuches met\u00e1licos de 12, 24 o 36 colores.<\/li>\n<li style=\"margin-bottom: 2%;\"><strong>Lyra Graduate Aquarell<\/strong><br \/>\nLa \u00faltima generaci\u00f3n de <strong>l\u00e1pices acuarelables f\u00e1ciles de utilizar<\/strong>, para crear infinitas tonalidades. Estos l\u00e1pices est\u00e1n fabricados con madera de cedro certificada PEFC, son muy f\u00e1ciles de afilar y su mina de 3,3 mm. es muy resistente. Los estuches tambi\u00e9n incluyen un pincel de fibra sint\u00e9tica, ideal para extender el color. Est\u00e1n disponibles en estuches met\u00e1licos de 12, 24 o 36 colores.<\/li>\n<li style=\"margin-bottom: 2%;\"><strong>Lyra Graduate Fineliner<\/strong><br \/>\nRotuladores de <strong>punta sint\u00e9tica resistente, a prueba de roturas<\/strong>, y con un trazo limpio y preciso. Son ideales para escribir, dibujar o subrayar. Su dise\u00f1o \u00fanico lo hace perfecto para cada ocasi\u00f3n, sus tintas son base agua y est\u00e1n disponible en 20 colores brillantes. Dispone de estuches de metal de 10 o 20 colores y de estuches con asa de 6, 12 o 24 colores. Tambi\u00e9n se pueden elegir colores de manera individual.<\/li>\n<\/ul>\n<p style=\"margin: 0 15% 2% 15%;\">Para aquellos que les encanta capturar todos los matices del mundo.<\/p>\n<p style=\"margin: 0 15% 2% 15%;\"><a style=\"color: #5f8bca; text-decoration: underline;\" href=\"https:\/\/www.instagram.com\/lyra_feelcreative\/\" target=\"_blank\">Descubre Lyra Graduate en Instagram. Descubre un mundo de colores vivos.<\/a><\/p>\n","protected":false},"excerpt":{"rendered":"<p>Una nueva gama, m\u00e1s cercana al lenguaje de los j\u00f3venes. Est\u00e1 dise\u00f1ada para entrar en el coraz\u00f3n de todos los estudiantes y entusiastas del dise\u00f1o que quieren mirar el mundo con unos nuevos ojos y que han crecido en la &hellip; <a href=\"https:\/\/www.fila.it\/int\/en\/lyra_graduate_es\/\">Continued<\/a><\/p>\n","protected":false},"author":3,"featured_media":0,"parent":0,"menu_order":0,"comment_status":"closed","ping_status":"closed","template":"","meta":[],"acf":[],"_links":{"self":[{"href":"https:\/\/www.fila.it\/int\/en\/wp-json\/wp\/v2\/pages\/26065"}],"collection":[{"href":"https:\/\/www.fila.it\/int\/en\/wp-json\/wp\/v2\/pages"}],"about":[{"href":"https:\/\/www.fila.it\/int\/en\/wp-json\/wp\/v2\/types\/page"}],"author":[{"embeddable":true,"href":"https:\/\/www.fila.it\/int\/en\/wp-json\/wp\/v2\/users\/3"}],"replies":[{"embeddable":true,"href":"https:\/\/www.fila.it\/int\/en\/wp-json\/wp\/v2\/comments?post=26065"}],"version-history":[{"count":0,"href":"https:\/\/www.fila.it\/int\/en\/wp-json\/wp\/v2\/pages\/26065\/revisions"}],"wp:attachment":[{"href":"https:\/\/www.fila.it\/int\/en\/wp-json\/wp\/v2\/media?parent=26065"}],"curies":[{"name":"wp","href":"https:\/\/api.w.org\/{rel}","templated":true}]}}