{"id":30790,"date":"2018-09-19T12:42:44","date_gmt":"2018-09-19T10:42:44","guid":{"rendered":"https:\/\/www.fila.it\/pt\/product\/giotto-decor-metal\/"},"modified":"2018-11-29T18:07:35","modified_gmt":"2018-11-29T17:07:35","slug":"giotto-decor-metal","status":"publish","type":"product","link":"https:\/\/www.fila.it\/pt\/pt\/product\/giotto-decor-metal\/","title":{"rendered":"Giotto Decor Metallic"},"content":{"rendered":"<p>Uma abordagem criativa para tudo. Adiciona um toque met\u00e1lico e duradouro \u00e0 tua casa e objetos. Gra\u00e7as aos marcadores multisuperfices da Giotto Decor Metallic! Cores permanente sobre superf\u00edcies rugosas, estes marcadores s\u00e3o ideais para decorar cart\u00f5es, madeira, vidro, cartas, pl\u00e1stico, pedra, metal ou pasta para moldar Das. Decor Metal pode-se usar para decorar vidros e espelhos, e pode-se limpar com um pano h\u00famido. Todas as cores s\u00e3o facilmente lav\u00e1veis das m\u00e3os, mas podem manchar a roupa. Dispon\u00edveis em 5 cores met\u00e1licas (dourado, prata, verde, magenta e azul), n\u00e3o s\u00e3o t\u00f3xicos, s\u00e3o seguros, resistentes \u00e0 luz e proporcionam uma camada perfeita incluindo em fundos escuros. T\u00eam uma ponta fixa duradoura e uma tampa de seguran\u00e7a ventilada. Os marcadores t\u00eam uma ponta de tamanho m\u00e9dio e s\u00e3o perfeitos para pequenos detalhes ou para preencher superf\u00edcies maiores. Perfeito para pequenas atividades em idade pr\u00e9-escolar.<\/p>\n","protected":false},"excerpt":{"rendered":"<p>Decora\u00e7\u00f5es metalizadas com Giotto Decor Metallic!<\/p>\n","protected":false},"featured_media":31599,"comment_status":"closed","ping_status":"closed","template":"","meta":[],"product_cat":[6570],"product_tag":[6571,6597,6598],"acf":[],"_links":{"self":[{"href":"https:\/\/www.fila.it\/pt\/pt\/wp-json\/wp\/v2\/product\/30790"}],"collection":[{"href":"https:\/\/www.fila.it\/pt\/pt\/wp-json\/wp\/v2\/product"}],"about":[{"href":"https:\/\/www.fila.it\/pt\/pt\/wp-json\/wp\/v2\/types\/product"}],"replies":[{"embeddable":true,"href":"https:\/\/www.fila.it\/pt\/pt\/wp-json\/wp\/v2\/comments?post=30790"}],"wp:featuredmedia":[{"embeddable":true,"href":"https:\/\/www.fila.it\/pt\/pt\/wp-json\/wp\/v2\/media\/31599"}],"wp:attachment":[{"href":"https:\/\/www.fila.it\/pt\/pt\/wp-json\/wp\/v2\/media?parent=30790"}],"wp:term":[{"taxonomy":"product_cat","embeddable":true,"href":"https:\/\/www.fila.it\/pt\/pt\/wp-json\/wp\/v2\/product_cat?post=30790"},{"taxonomy":"product_tag","embeddable":true,"href":"https:\/\/www.fila.it\/pt\/pt\/wp-json\/wp\/v2\/product_tag?post=30790"}],"curies":[{"name":"wp","href":"https:\/\/api.w.org\/{rel}","templated":true}]}}