{"id":30998,"date":"2018-09-19T12:44:35","date_gmt":"2018-09-19T10:44:35","guid":{"rendered":"https:\/\/www.fila.it\/pt\/product\/giotto-be-be-a-minha-maquina-para-modelar\/"},"modified":"2018-09-19T12:44:35","modified_gmt":"2018-09-19T10:44:35","slug":"giotto-be-be-a-minha-maquina-para-modelar","status":"publish","type":"product","link":"https:\/\/www.fila.it\/pt\/pt\/product\/giotto-be-be-a-minha-maquina-para-modelar\/","title":{"rendered":"Giotto be-b\u00e8 A minha m\u00e1quina para modelar"},"content":{"rendered":"<p>Giotto be-b\u00e8 inventou a m\u00e1quina para a pasta de jogar com muitos moldes para um divertimento sem fim. \u00c9 um produto exclusivo e certificado para as crian\u00e7as a partir dos 2 anos. Segura, resistente e f\u00e1cil de utilizar, o conte\u00fado inclui muitos potes com pasta para jogar assim como muitos acess\u00f3rios para a crian\u00e7a dar asas \u00e0 sua imagina\u00e7\u00e3o.<\/p>\n","protected":false},"excerpt":{"rendered":"<p>Uma m\u00e1quina de modelar para divers\u00e3o sem fim.<\/p>\n","protected":false},"featured_media":25765,"comment_status":"closed","ping_status":"open","template":"","meta":[],"product_cat":[6550],"product_tag":[6621,6551,6675],"acf":[],"_links":{"self":[{"href":"https:\/\/www.fila.it\/pt\/pt\/wp-json\/wp\/v2\/product\/30998"}],"collection":[{"href":"https:\/\/www.fila.it\/pt\/pt\/wp-json\/wp\/v2\/product"}],"about":[{"href":"https:\/\/www.fila.it\/pt\/pt\/wp-json\/wp\/v2\/types\/product"}],"replies":[{"embeddable":true,"href":"https:\/\/www.fila.it\/pt\/pt\/wp-json\/wp\/v2\/comments?post=30998"}],"wp:featuredmedia":[{"embeddable":true,"href":"https:\/\/www.fila.it\/pt\/pt\/wp-json\/wp\/v2\/media\/25765"}],"wp:attachment":[{"href":"https:\/\/www.fila.it\/pt\/pt\/wp-json\/wp\/v2\/media?parent=30998"}],"wp:term":[{"taxonomy":"product_cat","embeddable":true,"href":"https:\/\/www.fila.it\/pt\/pt\/wp-json\/wp\/v2\/product_cat?post=30998"},{"taxonomy":"product_tag","embeddable":true,"href":"https:\/\/www.fila.it\/pt\/pt\/wp-json\/wp\/v2\/product_tag?post=30998"}],"curies":[{"name":"wp","href":"https:\/\/api.w.org\/{rel}","templated":true}]}}