{"id":31012,"date":"2018-09-19T12:44:58","date_gmt":"2018-09-19T10:44:58","guid":{"rendered":"https:\/\/www.fila.it\/pt\/product\/lyra-borracha-pao\/"},"modified":"2018-09-19T12:44:58","modified_gmt":"2018-09-19T10:44:58","slug":"lyra-borracha-pao","status":"publish","type":"product","link":"https:\/\/www.fila.it\/pt\/pt\/product\/lyra-borracha-pao\/","title":{"rendered":"Lyra Borracha p\u00e3o"},"content":{"rendered":"<p>Esta borracha p\u00e3o \u00e9 ideal para apagar carv\u00e3o ou giz de superf\u00edcies grandes. \u00d3tima para apagar ou clarear carv\u00e3o, giz e desenhos pastel, \u00e9 f\u00e1cil de moldar e n\u00e3o mancha o papel. A sua embalagem em pl\u00e1stico, mant\u00e9m as suas caracter\u00edsticas e suavidade.<\/p>\n","protected":false},"excerpt":{"rendered":"<p>Coloca em ordem as tuas ideias com a borracha p\u00e3o Lyra!<\/p>\n","protected":false},"featured_media":25554,"comment_status":"closed","ping_status":"open","template":"","meta":[],"product_cat":[6677],"product_tag":[6607,6678,6553],"acf":[],"_links":{"self":[{"href":"https:\/\/www.fila.it\/pt\/pt\/wp-json\/wp\/v2\/product\/31012"}],"collection":[{"href":"https:\/\/www.fila.it\/pt\/pt\/wp-json\/wp\/v2\/product"}],"about":[{"href":"https:\/\/www.fila.it\/pt\/pt\/wp-json\/wp\/v2\/types\/product"}],"replies":[{"embeddable":true,"href":"https:\/\/www.fila.it\/pt\/pt\/wp-json\/wp\/v2\/comments?post=31012"}],"wp:featuredmedia":[{"embeddable":true,"href":"https:\/\/www.fila.it\/pt\/pt\/wp-json\/wp\/v2\/media\/25554"}],"wp:attachment":[{"href":"https:\/\/www.fila.it\/pt\/pt\/wp-json\/wp\/v2\/media?parent=31012"}],"wp:term":[{"taxonomy":"product_cat","embeddable":true,"href":"https:\/\/www.fila.it\/pt\/pt\/wp-json\/wp\/v2\/product_cat?post=31012"},{"taxonomy":"product_tag","embeddable":true,"href":"https:\/\/www.fila.it\/pt\/pt\/wp-json\/wp\/v2\/product_tag?post=31012"}],"curies":[{"name":"wp","href":"https:\/\/api.w.org\/{rel}","templated":true}]}}