{"id":26074,"date":"2017-11-10T10:53:55","date_gmt":"2017-11-10T09:53:55","guid":{"rendered":"https:\/\/www.fila.it\/se\/en\/?page_id=26074"},"modified":"2019-07-03T15:11:24","modified_gmt":"2019-07-03T13:11:24","slug":"lyra_graduate_fr","status":"publish","type":"page","link":"https:\/\/www.fila.it\/se\/en\/lyra_graduate_fr\/","title":{"rendered":"Lyra Graduate (fr)"},"content":{"rendered":"<p style=\"text-align: center;\"><img loading=\"lazy\" class=\"aligncenter size-full wp-image-25423\" src=\"\/up\/sites\/2\/graduate_ic.jpg\" alt=\"Lyra Graduate - A world of living colours\" width=\"1920\" height=\"1130\" \/><\/p>\n<p style=\"margin: 0 15% 2% 15%;\">Une nouvelle gamme, <strong>proche du langage des jeunes<\/strong>. Etudi\u00e9e pour entrer dans le c\u0153ur de tous les <strong>\u00e9tudiants et passionn\u00e9s de dessin<\/strong> qui veulent regarder le monde avec une nouvelle vision et pour ceux qui ont grandit \u00e0 l\u2019\u00e8re num\u00e9rique.<\/p>\n<p style=\"text-align: center;\"><img loading=\"lazy\" class=\"aligncenter wp-image-25425\" src=\"\/up\/sites\/2\/graduate_prod_ic.jpg\" alt=\"\" width=\"666\" height=\"128\" \/><\/p>\n<p style=\"margin: 0 15% 2% 15%;\">Avec Lyra Graduate, les amateurs de dessin pourront s\u2019exprimer \u00e0 travers de <strong>nouvelles nuances et avec de nouveaux outils.<\/strong>.<\/p>\n<p style=\"margin: 0 15% 2% 15%;\">La gamme Lyra Graduate comprend:<\/p>\n<ul style=\"margin: 0 15% 2% 15%;\">\n<li style=\"margin-bottom: 2%;\"><strong>Lyra Graduate<\/strong><br \/>\nLes <strong>crayons de couleur de haute qualit\u00e9<\/strong> dans un \u00e9tui pratique. Ces crayons aux couleurs riches et vives ont une mine r\u00e9sistante et longue dur\u00e9e de \u00d8 3.8 mm. Fabriqu\u00e9s avec du bois de c\u00e8dre certifi\u00e9 PEFC, les crayons sont faciles \u00e0 tailler et sont disponibles en \u00e9tui de 12 ou 24 couleurs et en bo\u00eete m\u00e9tal de 12, 24 ou 36 pi\u00e8ces.<\/li>\n<li style=\"margin-bottom: 2%;\"><strong>Lyra Graduate Aquarell<\/strong><br \/>\nLa derni\u00e8re g\u00e9n\u00e9ration de <strong>crayons aquarellables facile \u00e0 utiliser<\/strong>, pour cr\u00e9er d\u2019infinies nuances. Fabriqu\u00e9s avec du bois de c\u00e8dre certifi\u00e9 PEFC, les crayons sont faciles \u00e0 tailler, la mine de \u00d8 3.3 mm est longue dur\u00e9e. Un pinceau en fibre synth\u00e9tique, id\u00e9al pour diffuser la couleur, est \u00e9galement inclus dans les bo\u00eetes. Disponibles en bo\u00eete m\u00e9tal de 12, 24 ou 36 pi\u00e8ces.<\/li>\n<li style=\"margin-bottom: 2%;\"><strong>Lyra Graduate Fineliner<\/strong><br \/>\nLes feutres fins ont <strong>une pointe synth\u00e9tique ind\u00e9formable<\/strong> qui permet de faire des trac\u00e9s pr\u00e9cis et propres. Id\u00e9als pour \u00e9crire, dessiner et souligner. Son design unique le rend parfait pour toutes les occasions. L\u2019encre du feutre est \u00e0 base d\u2019eau et est disponible en 20 couleurs brillantes. Ils sont disponibles en bo\u00eete m\u00e9tal de 10 ou 20 pi\u00e8ces, en pochette de 6, 12 ou 24 pi\u00e8ces et vous pouvez aussi choisir des couleurs uniques.<\/li>\n<\/ul>\n<p style=\"margin: 0 15% 2% 15%;\">Pour ceux qui aiment capturer toutes les couleurs du monde.<\/p>\n<p style=\"margin: 0 15% 2% 15%;\"><a style=\"color: #5f8bca; text-decoration: underline;\" href=\"https:\/\/www.instagram.com\/lyra_feelcreative\/\" target=\"_blank\" rel=\"noopener\">D\u00e9couvrez Lyra Graduate sur Instagram. D\u00e9couvrez un monde de couleurs vives, brillantes et intenses.<\/a><\/p>\n","protected":false},"excerpt":{"rendered":"<p>Une nouvelle gamme, proche du langage des jeunes. Etudi\u00e9e pour entrer dans le c\u0153ur de tous les \u00e9tudiants et passionn\u00e9s de dessin qui veulent regarder le monde avec une nouvelle vision et pour ceux qui ont grandit \u00e0 l\u2019\u00e8re num\u00e9rique. &hellip; <a href=\"https:\/\/www.fila.it\/se\/en\/lyra_graduate_fr\/\">Continued<\/a><\/p>\n","protected":false},"author":3,"featured_media":0,"parent":0,"menu_order":0,"comment_status":"closed","ping_status":"closed","template":"","meta":[],"acf":[],"_links":{"self":[{"href":"https:\/\/www.fila.it\/se\/en\/wp-json\/wp\/v2\/pages\/26074"}],"collection":[{"href":"https:\/\/www.fila.it\/se\/en\/wp-json\/wp\/v2\/pages"}],"about":[{"href":"https:\/\/www.fila.it\/se\/en\/wp-json\/wp\/v2\/types\/page"}],"author":[{"embeddable":true,"href":"https:\/\/www.fila.it\/se\/en\/wp-json\/wp\/v2\/users\/3"}],"replies":[{"embeddable":true,"href":"https:\/\/www.fila.it\/se\/en\/wp-json\/wp\/v2\/comments?post=26074"}],"version-history":[{"count":3,"href":"https:\/\/www.fila.it\/se\/en\/wp-json\/wp\/v2\/pages\/26074\/revisions"}],"predecessor-version":[{"id":26383,"href":"https:\/\/www.fila.it\/se\/en\/wp-json\/wp\/v2\/pages\/26074\/revisions\/26383"}],"wp:attachment":[{"href":"https:\/\/www.fila.it\/se\/en\/wp-json\/wp\/v2\/media?parent=26074"}],"curies":[{"name":"wp","href":"https:\/\/api.w.org\/{rel}","templated":true}]}}