{"id":24917,"date":"2017-09-05T13:38:22","date_gmt":"2017-09-05T11:38:22","guid":{"rendered":"https:\/\/www.fila.it\/uk\/en\/product\/giotto-be-be-my-be-be-pizza\/"},"modified":"2017-09-14T21:51:09","modified_gmt":"2017-09-14T19:51:09","slug":"giotto-be-be-my-be-be-pizza","status":"publish","type":"product","link":"https:\/\/www.fila.it\/uk\/en\/product\/giotto-be-be-my-be-be-pizza\/","title":{"rendered":"Giotto be-b\u00e8 My Be-b\u00e8 Pizza"},"content":{"rendered":"<p>Enjoy making your own pizza with Giotto be-b\u00e8 My Be-b\u00e8 Pizza. The pack contains all you need: 6 dough rolls, a pizza cutting wheel, a rolling pin and knife. There are also cards with pop-out toppings to decorate your creations.  When the pizza is ready, run and deliver it in the special pizza box!<\/p>\n","protected":false},"excerpt":{"rendered":"<p>Discover the taste for modelling with Giotto be-b\u00e8 Pizza.<\/p>\n","protected":false},"featured_media":25215,"comment_status":"closed","ping_status":"closed","template":"","meta":[],"product_cat":[3544],"product_tag":[3219,3221,3223],"acf":[],"_links":{"self":[{"href":"https:\/\/www.fila.it\/uk\/en\/wp-json\/wp\/v2\/product\/24917"}],"collection":[{"href":"https:\/\/www.fila.it\/uk\/en\/wp-json\/wp\/v2\/product"}],"about":[{"href":"https:\/\/www.fila.it\/uk\/en\/wp-json\/wp\/v2\/types\/product"}],"replies":[{"embeddable":true,"href":"https:\/\/www.fila.it\/uk\/en\/wp-json\/wp\/v2\/comments?post=24917"}],"wp:featuredmedia":[{"embeddable":true,"href":"https:\/\/www.fila.it\/uk\/en\/wp-json\/wp\/v2\/media\/25215"}],"wp:attachment":[{"href":"https:\/\/www.fila.it\/uk\/en\/wp-json\/wp\/v2\/media?parent=24917"}],"wp:term":[{"taxonomy":"product_cat","embeddable":true,"href":"https:\/\/www.fila.it\/uk\/en\/wp-json\/wp\/v2\/product_cat?post=24917"},{"taxonomy":"product_tag","embeddable":true,"href":"https:\/\/www.fila.it\/uk\/en\/wp-json\/wp\/v2\/product_tag?post=24917"}],"curies":[{"name":"wp","href":"https:\/\/api.w.org\/{rel}","templated":true}]}}