{"id":26466,"date":"2017-11-27T11:56:28","date_gmt":"2017-11-27T10:56:28","guid":{"rendered":"https:\/\/www.fila.it\/za\/product\/giotto-be-be-my-liquid-1st-glue-school-pack\/"},"modified":"2017-11-28T19:03:47","modified_gmt":"2017-11-28T18:03:47","slug":"giotto-be-be-my-liquid-1st-glue-school-pack","status":"publish","type":"product","link":"https:\/\/www.fila.it\/za\/en\/product\/giotto-be-be-my-liquid-1st-glue-school-pack\/","title":{"rendered":"Giotto be-b\u00e8 My liquid 1st glue &#8211; School pack"},"content":{"rendered":"<p>Giotto Be-b\u00e8 also thinks about school! Giotto Be-b\u00e8 comes to the aid of teachers and educators with  &#8220;La mia 1\u00b0 colla&#8221;(My First Glue). This new liquid glue in a bottle is top quality, and 100% safe for young children. It&#8217;s a natural, vegetable-based glue, free of solvents and irritating substances and dermatologically tested to ensure its safety. The product is distinguished by its special green colour, which disappears from the paper when the glue is dry, becoming completely transparent. The colour helps children see immediately where glue needs to be applied with the brush. It sticks paper, card and cardboard perfectly. My First Glue washes off hands, fabrics and surfaces easily.<\/p>\n","protected":false},"excerpt":{"rendered":"<p>Giotto Be-b\u00e8 My 1st liquid glue: pasting for creative youngsters.<\/p>\n","protected":false},"featured_media":10499,"comment_status":"closed","ping_status":"open","template":"","meta":[],"product_cat":[4938],"product_tag":[4939,4924,4940],"acf":[],"_links":{"self":[{"href":"https:\/\/www.fila.it\/za\/en\/wp-json\/wp\/v2\/product\/26466"}],"collection":[{"href":"https:\/\/www.fila.it\/za\/en\/wp-json\/wp\/v2\/product"}],"about":[{"href":"https:\/\/www.fila.it\/za\/en\/wp-json\/wp\/v2\/types\/product"}],"replies":[{"embeddable":true,"href":"https:\/\/www.fila.it\/za\/en\/wp-json\/wp\/v2\/comments?post=26466"}],"wp:featuredmedia":[{"embeddable":true,"href":"https:\/\/www.fila.it\/za\/en\/wp-json\/wp\/v2\/media\/10499"}],"wp:attachment":[{"href":"https:\/\/www.fila.it\/za\/en\/wp-json\/wp\/v2\/media?parent=26466"}],"wp:term":[{"taxonomy":"product_cat","embeddable":true,"href":"https:\/\/www.fila.it\/za\/en\/wp-json\/wp\/v2\/product_cat?post=26466"},{"taxonomy":"product_tag","embeddable":true,"href":"https:\/\/www.fila.it\/za\/en\/wp-json\/wp\/v2\/product_tag?post=26466"}],"curies":[{"name":"wp","href":"https:\/\/api.w.org\/{rel}","templated":true}]}}